{"id":369,"date":"2023-06-07T17:52:38","date_gmt":"2023-06-07T15:52:38","guid":{"rendered":"https:\/\/www.mb3-stone.com\/?page_id=369"},"modified":"2023-09-20T13:10:10","modified_gmt":"2023-09-20T11:10:10","slug":"quarz-quarzit-brasilien","status":"publish","type":"page","link":"https:\/\/www.mb3-stone.com\/quarz-quarzit-brasilien\/","title":{"rendered":"Quarzo Samba Brasile"},"content":{"rendered":"<h1><strong>Quarz-Samba<\/strong><br \/>Patagonia bringt Feuer ins Design<\/h1>\n<div>\n<p>Die Granit \u00e4hnliche Zusammensetzung des Patagonia, vornehmlich besteht der Naturstein aus Quarz, Glimmer und Feldspat, macht ihn zu einem \u00e4u\u00dferst robusten und s\u00e4urebest\u00e4ndigen Material \u2013 und damit f\u00fcr stark beanspruchte Fl\u00e4chen und Anwendungen, auch f\u00fcr den Au\u00dfenbereich, geeignet. Patagonia Stone ist kratzfest und resistent gegen Hitze und Flecken. Wirklich einzigartig ist der Patagonia Stone aber nicht nur wegen seiner Eigenschaften, sondern auch auf Grund seines \u00e4sthetischem Reiz.<\/p>\n<p>Patagonia Stone zeichnet sich durch eine beeindruckende Farbpalette aus, die von sanften Cremet\u00f6nen bis zu dunklen Braun- und Graut\u00f6nen reicht. Der Stein zeigt eine auff\u00e4llige Maserung, die aus Wirbeln, Adern und Flecken besteht, die sich \u00fcber die Oberfl\u00e4che erstrecken. Das Zusammenspiel der verschiedenen Farben und Muster verleiht dem Stein ein dynamisches und lebendiges Erscheinungsbild.<\/p>\n<\/div>\n<h1>Die Zusammensetzung:<\/h1>\n<div>\n<p>Quarz ist ein h\u00e4ufiges Mineral in Granitgesteinen und tr\u00e4gt zur H\u00e4rte und Festigkeit des Patagonia bei. Es ist in der Regel transparent oder milchig-wei\u00df und verleiht dem Stein eine gewisse Transluzenz.<\/p>\n<p>Feldsp\u00e4te sind eine Gruppe von Mineralen, die zur Farbgebung und Struktur des Patagonia Stones beitragen. Die Farben Wei\u00df, Rosa oder Grau sind am h\u00e4ufigsten.<\/p>\n<p>Glimmer ist ein weiteres Mineral, das Textur und dem Glanz im Stein erzeugt. Glimmer kann eine schimmernde oder gl\u00e4nzende Textur haben.<\/p>\n<\/div>\n<h1>Patagonia-Quarz<\/h1>\n<ul>\n<li>\n<p>        <img decoding=\"async\" src=\"\/wp-content\/uploads\/2023\/06\/Patagonia-Pol.-2cm-scaled.jpg\" alt=\"\"><\/p>\n<h2>Patagonia Pol. 2cm<\/h2>\n<\/li>\n<li>\n<p>        <img decoding=\"async\" src=\"\/wp-content\/uploads\/2023\/06\/Patagonia-Pol.-3cm-1-min-scaled.jpg\" alt=\"\"><\/p>\n<h2>Patagonia Pol. 3cm (1)-min<\/h2>\n<\/li>\n<li>\n<p>        <img decoding=\"async\" src=\"\/wp-content\/uploads\/2023\/06\/Backlight-scaled.jpg\" alt=\"\"><\/p>\n<h2>Backlight<\/h2>\n<\/li>\n<li>\n<p>        <img decoding=\"async\" src=\"\/wp-content\/uploads\/2023\/06\/Calacatta-Brasil-Fein-Quarzit-scaled.jpg\" alt=\"\"><\/p>\n<h2>Calacatta Brasil Fein -Quarzit<\/h2>\n<\/li>\n<li>\n<p>        <img decoding=\"async\" src=\"\/wp-content\/uploads\/2023\/06\/Patagonia-Pol.-2cm-10-scaled.jpg\" alt=\"\"><\/p>\n<h2>Patagonia Pol. 2cm (10)<\/h2>\n<\/li>\n<\/ul>\n<h1>Infinity Brown-Quarzit<\/h1>\n<ul>\n<li>\n<p>        <img decoding=\"async\" src=\"\/wp-content\/uploads\/2023\/06\/Infinity-Brown-Geb.-2cm-scaled.jpg\" alt=\"\"><\/p>\n<h2>Infinity Brown Geb. 2cm<\/h2>\n<\/li>\n<li>\n<p>        <img decoding=\"async\" src=\"\/wp-content\/uploads\/2023\/06\/Infinity-Brown-Pol.-2cm-scaled.jpg\" alt=\"\"><\/p>\n<h2>Infinity Brown Pol. 2cm<\/h2>\n<\/li>\n<li>\n<p>        <img decoding=\"async\" src=\"\/wp-content\/uploads\/2023\/06\/Infinity-Brown-Geb.-2cm-2-scaled.jpg\" alt=\"\"><\/p>\n<h2>Infinity Brown Geb. 2cm (2)<\/h2>\n<\/li>\n<li>\n<p>        <img decoding=\"async\" src=\"\/wp-content\/uploads\/2023\/06\/Infinity-Brown-Geb.-2cm-3-scaled.jpg\" alt=\"\"><\/p>\n<h2>Infinity Brown Geb. 2cm (3)<\/h2>\n<\/li>\n<\/ul>\n<h1>Negresco-Quarzit<\/h1>\n<ul>\n<li>\n<p>        <img decoding=\"async\" src=\"\/wp-content\/uploads\/2023\/06\/Negresco-Geb.-2cm-scaled.jpg\" alt=\"\"><\/p>\n<h2>Negresco Geb. 2cm<\/h2>\n<\/li>\n<li>\n<p>        <img decoding=\"async\" src=\"\/wp-content\/uploads\/2023\/06\/Negresco-Geb.-3cm-scaled.jpg\" alt=\"\"><\/p>\n<h2>Negresco Geb. 3cm<\/h2>\n<\/li>\n<li>\n<p>        <img decoding=\"async\" src=\"\/wp-content\/uploads\/2023\/06\/Negresco-Geb.-2cm-2-scaled.jpg\" alt=\"\"><\/p>\n<h2>Negresco Geb. 2cm (2)<\/h2>\n<\/li>\n<\/ul>\n<p><!--more--><br \/>\n<!-- {\"type\":\"layout\",\"children\":[{\"name\":\"Gallery\",\"type\":\"section\",\"props\":{\"animation\":\"fade\",\"image_position\":\"center-center\",\"padding\":\"large\",\"style\":\"muted\",\"title_breakpoint\":\"xl\",\"title_position\":\"top-left\",\"title_rotation\":\"left\",\"vertical_align\":\"middle\",\"width\":\"default\"},\"children\":[{\"name\":\"\",\"type\":\"row\",\"children\":[{\"name\":\"\",\"type\":\"column\",\"props\":{\"image_position\":\"center-center\",\"media_overlay_gradient\":\"\",\"position_sticky_breakpoint\":\"m\",\"width_medium\":\"1-1\"},\"children\":[{\"name\":\"\",\"type\":\"headline\",\"props\":{\"content\":\"<strong>Quarz-Samba<\\\/strong><br \\\/>Patagonia bringt Feuer ins Design\",\"content_en_us\":\"<strong>Samba Quartz<\\\/strong><br \\\/>Patagonia adds fire to your design\",\"content_it_it\":\"<strong>Quarzo Samba<\\\/strong><br \\\/>Patagonia porta il fuoco nel design\",\"title_element\":\"h1\",\"title_style\":\"h2\"}},{\"name\":\"\",\"type\":\"text\",\"props\":{\"column_breakpoint\":\"m\",\"content\":\"\n\n<p>Die Granit \\u00e4hnliche Zusammensetzung des Patagonia, vornehmlich besteht der Naturstein aus Quarz, Glimmer und Feldspat, macht ihn zu einem \\u00e4u\\u00dferst robusten und s\\u00e4urebest\\u00e4ndigen Material \\u2013 und damit f\\u00fcr stark beanspruchte Fl\\u00e4chen und Anwendungen, auch f\\u00fcr den Au\\u00dfenbereich, geeignet. Patagonia Stone ist kratzfest und resistent gegen Hitze und Flecken. Wirklich einzigartig ist der Patagonia Stone aber nicht nur wegen seiner Eigenschaften, sondern auch auf Grund seines \\u00e4sthetischem Reiz.<\\\/p>\\n\n\n<p>Patagonia Stone zeichnet sich durch eine beeindruckende Farbpalette aus, die von sanften Cremet\\u00f6nen bis zu dunklen Braun- und Graut\\u00f6nen reicht. Der Stein zeigt eine auff\\u00e4llige Maserung, die aus Wirbeln, Adern und Flecken besteht, die sich \\u00fcber die Oberfl\\u00e4che erstrecken. Das Zusammenspiel der verschiedenen Farben und Muster verleiht dem Stein ein dynamisches und lebendiges Erscheinungsbild.<\\\/p>\",\"content_en_us\":\"\n\n<p>With a composition similar to that of granite, this stone from Patagonia consists primarily of quartzite, mica, and feldspar, making it extremely robust and acid-resistant\\u2014and thus suited to heavily used surfaces and applications, both indoors and out. Patagonia quartzite is durable and resistant to heat, stains, and abrasion. But what makes Patagonia stone truly unique is not just these properties but also its tremendous aesthetic appeal.<\\\/p>\\n\n\n<p>Patagonia stone features an impressive color palette, ranging from soft cream tones to dark browns and grays. Its striking veining has whorls, marbling, and lovely patches that extend across the entire surface. The interplay of different colors and patterns gives the stone a dynamic and vibrant appearance.<\\\/p>\",\"content_it_it\":\"\n\n<p>La composizione di granito comune in Patagonia consiste princi-palmente in pietre naturali di quarzo, mica e feldspato; ci\\u00f2 lo rende un materiale estremamente robusto e resistente agli acidi e quindi adatto a superfici sottoposte a notevoli sollecitazioni ed a vari uti-lizzi, come negli esterni. La pietra Patagonia \\u00e8 resistente ai graffi e esistente al calore e alle macchie. Questa pietra \\u00e8 veramente unica nel suo genere , non solo per le sue caratteristiche, ma anche per il suo fascino estetico.<\\\/p>\\n\n\n<p>Il Patagonia \\u00e8 caratterizzato da una Palette di colori impres-sionante, che da toni delicati color rema raggiunge toni profondi marroni e grigi. La pietra mostra una venatura appariscente \\\\sorprendente composta da vortici, Vene e macchie di colore che si estende sulla superficie. L\\u2019interazione tra i diversi colori e motivi conferisce alla pietra un aspetto dinamico e pieno di vita. <\\\/p>\",\"margin\":\"default\",\"maxwidth\":\"2xlarge\"}}]}]},{\"name\":\"\",\"type\":\"row\",\"props\":{\"margin\":\"medium\"},\"children\":[{\"name\":\"\",\"type\":\"column\",\"props\":{\"image_position\":\"center-center\",\"media_overlay_gradient\":\"\",\"position_sticky_breakpoint\":\"m\",\"width_medium\":\"1-1\"},\"children\":[{\"name\":\"\",\"type\":\"headline\",\"props\":{\"content\":\"Die Zusammensetzung:\",\"content_en_us\":\"The composition: \",\"content_it_it\":\"La composizione:\",\"title_element\":\"h1\",\"title_style\":\"h3\"}},{\"type\":\"text\",\"props\":{\"column_breakpoint\":\"m\",\"content\":\"\n\n<p>Quarz ist ein h\\u00e4ufiges Mineral in Granitgesteinen und tr\\u00e4gt zur H\\u00e4rte und Festigkeit des Patagonia bei. Es ist in der Regel transparent oder milchig-wei\\u00df und verleiht dem Stein eine gewisse Transluzenz.<\\\/p>\\n\n\n<p>Feldsp\\u00e4te sind eine Gruppe von Mineralen, die zur Farbgebung und Struktur des Patagonia Stones beitragen. Die Farben Wei\\u00df, Rosa oder Grau sind am h\\u00e4ufigsten.<\\\/p>\\n\n\n<p>Glimmer ist ein weiteres Mineral, das Textur und dem Glanz im Stein erzeugt. Glimmer kann eine schimmernde oder gl\\u00e4nzende Textur haben.<\\\/p>\",\"content_en_us\":\"\n\n<p>Quartz is common in granite and contributes to the hardness and strength of Patagonia stone. Usually transparent or milky white, the quartz component imbues the stone with a certain translucency.<\\\/p>\\n\n\n<p>Feldspars are a family of minerals that contribute to the color and structure of Patagonia stone, which is most commonly found in white, pink, and gray.<\\\/p>\\n\n\n<p>The mineral mica adds even greater texture and shine to this beautiful stone, bringing in an appealing sparkle or shimmer.<\\\/p>\",\"content_it_it\":\"\n\n<p>Il quarzo \\u00e8 un materiale comune nella composizione granitica e contribuisce alla forza e alla resistenza del Patagonia. E\\u2019 solitamente trasparente o bianco-latte e regala alla pietra una certa traslucenza. <\\\/p>\\n\n\n<p>I feldspati sono un gruppo di minerali, che contribuiscono alla col-orazione e alla struttura della pietra Patagonia . I colori bianco, rosa o grigio sono i pi\\u00f9 comuni.<\\\/p>\\n\n\n<p>La mica \\u00e8 un altro materiale che produce nella pietra texture e bril-lantezza . Possono avere una texture luccicante o lucida.<\\\/p>\",\"margin\":\"default\"}}]}]},{\"name\":\"\",\"type\":\"row\",\"props\":{\"margin\":\"large\"},\"children\":[{\"name\":\"\",\"type\":\"column\",\"props\":{\"image_position\":\"center-center\",\"media_overlay_gradient\":\"\",\"position_sticky_breakpoint\":\"m\",\"width_medium\":\"1-1\"},\"children\":[{\"name\":\"\",\"type\":\"headline\",\"props\":{\"content\":\"Patagonia-Quarz\",\"content_en_us\":\"Patagonia Quartzite\",\"content_it_it\":\"Quarzo Patagonia\",\"title_element\":\"h1\",\"title_style\":\"h2\"}},{\"name\":\"\",\"type\":\"gallery\",\"props\":{\"content_transition\":\"slide-bottom-small\",\"filter\":false,\"filter_align\":\"left\",\"filter_all\":true,\"filter_grid_breakpoint\":\"m\",\"filter_grid_width\":\"auto\",\"filter_position\":\"top\",\"filter_style\":\"tab\",\"grid_column_gap\":\"medium\",\"grid_default\":\"1\",\"grid_medium\":\"3\",\"grid_row_gap\":\"medium\",\"grid_small\":\"2\",\"image_width\":\"610\",\"item_animation\":true,\"lightbox\":true,\"link_style\":\"default\",\"link_text\":\"\",\"margin\":\"default\",\"meta_align\":\"below-title\",\"meta_element\":\"div\",\"meta_style\":\"text-meta\",\"overlay_hover\":true,\"overlay_link\":true,\"overlay_margin\":\"small\",\"overlay_mode\":\"cover\",\"overlay_padding\":\"large\",\"overlay_position\":\"center\",\"overlay_style\":\"overlay-default\",\"overlay_transition\":\"fade\",\"parallax_easing\":\"1\",\"show_content\":true,\"show_hover_image\":true,\"show_image2\":true,\"show_link\":true,\"show_meta\":true,\"show_title\":true,\"text_align\":\"center\",\"text_color\":\"\",\"title_decoration\":\"divider\",\"title_element\":\"h2\",\"title_hover_style\":\"reset\",\"title_style\":\"h4\",\"title_transition\":\"slide-top-small\"},\"children\":[{\"type\":\"gallery_item\",\"props\":{\"image\":\"wp-content\\\/uploads\\\/2023\\\/06\\\/Patagonia-Pol.-2cm-scaled.jpg\",\"title\":\"Patagonia Pol. 2cm\"}},{\"type\":\"gallery_item\",\"props\":{\"image\":\"wp-content\\\/uploads\\\/2023\\\/06\\\/Patagonia-Pol.-3cm-1-min-scaled.jpg\",\"title\":\"Patagonia Pol. 3cm (1)-min\"}},{\"type\":\"gallery_item\",\"props\":{\"image\":\"wp-content\\\/uploads\\\/2023\\\/06\\\/Backlight-scaled.jpg\",\"title\":\"Backlight\"}},{\"type\":\"gallery_item\",\"props\":{\"image\":\"wp-content\\\/uploads\\\/2023\\\/06\\\/Calacatta-Brasil-Fein-Quarzit-scaled.jpg\",\"title\":\"Calacatta Brasil Fein -Quarzit\"}},{\"type\":\"gallery_item\",\"props\":{\"image\":\"wp-content\\\/uploads\\\/2023\\\/06\\\/Patagonia-Pol.-2cm-10-scaled.jpg\",\"title\":\"Patagonia Pol. 2cm (10)\"}}]}]}]},{\"name\":\"\",\"type\":\"row\",\"props\":{\"margin\":\"large\"},\"children\":[{\"name\":\"\",\"type\":\"column\",\"props\":{\"image_position\":\"center-center\",\"media_overlay_gradient\":\"\",\"position_sticky_breakpoint\":\"m\",\"width_medium\":\"1-1\"},\"children\":[{\"name\":\"\",\"type\":\"headline\",\"props\":{\"content\":\"Infinity Brown-Quarzit\",\"content_en_us\":\"Infinity Brown Quartzite\",\"content_it_it\":\"Quarzite Infinity Brown\",\"title_element\":\"h1\",\"title_style\":\"h2\"}},{\"name\":\"\",\"type\":\"gallery\",\"props\":{\"content_transition\":\"slide-bottom-small\",\"filter\":false,\"filter_align\":\"left\",\"filter_all\":true,\"filter_grid_breakpoint\":\"m\",\"filter_grid_width\":\"auto\",\"filter_position\":\"top\",\"filter_style\":\"tab\",\"grid_column_gap\":\"medium\",\"grid_default\":\"1\",\"grid_medium\":\"3\",\"grid_row_gap\":\"medium\",\"grid_small\":\"2\",\"image_width\":\"610\",\"item_animation\":true,\"lightbox\":true,\"link_style\":\"default\",\"link_text\":\"\",\"margin\":\"default\",\"meta_align\":\"below-title\",\"meta_element\":\"div\",\"meta_style\":\"text-meta\",\"overlay_hover\":true,\"overlay_link\":true,\"overlay_margin\":\"small\",\"overlay_mode\":\"cover\",\"overlay_padding\":\"large\",\"overlay_position\":\"center\",\"overlay_style\":\"overlay-default\",\"overlay_transition\":\"fade\",\"parallax_easing\":\"1\",\"show_content\":true,\"show_hover_image\":true,\"show_image2\":true,\"show_link\":true,\"show_meta\":true,\"show_title\":true,\"text_align\":\"center\",\"text_color\":\"\",\"title_decoration\":\"divider\",\"title_element\":\"h2\",\"title_hover_style\":\"reset\",\"title_style\":\"h4\",\"title_transition\":\"slide-top-small\"},\"children\":[{\"type\":\"gallery_item\",\"props\":{\"image\":\"wp-content\\\/uploads\\\/2023\\\/06\\\/Infinity-Brown-Geb.-2cm-scaled.jpg\",\"title\":\"Infinity Brown Geb. 2cm\"}},{\"type\":\"gallery_item\",\"props\":{\"image\":\"wp-content\\\/uploads\\\/2023\\\/06\\\/Infinity-Brown-Pol.-2cm-scaled.jpg\",\"title\":\"Infinity Brown Pol. 2cm\"}},{\"type\":\"gallery_item\",\"props\":{\"image\":\"wp-content\\\/uploads\\\/2023\\\/06\\\/Infinity-Brown-Geb.-2cm-2-scaled.jpg\",\"title\":\"Infinity Brown Geb. 2cm (2)\"}},{\"type\":\"gallery_item\",\"props\":{\"image\":\"wp-content\\\/uploads\\\/2023\\\/06\\\/Infinity-Brown-Geb.-2cm-3-scaled.jpg\",\"title\":\"Infinity Brown Geb. 2cm (3)\"}}]}]}]},{\"name\":\"\",\"type\":\"row\",\"props\":{\"margin\":\"large\"},\"children\":[{\"name\":\"\",\"type\":\"column\",\"props\":{\"image_position\":\"center-center\",\"media_overlay_gradient\":\"\",\"position_sticky_breakpoint\":\"m\",\"width_medium\":\"1-1\"},\"children\":[{\"name\":\"\",\"type\":\"headline\",\"props\":{\"content\":\"Negresco-Quarzit\",\"content_en_us\":\"Negresco Quarzit\",\"content_it_it\":\"Quarzite Negresco\",\"title_element\":\"h1\",\"title_style\":\"h2\"}},{\"name\":\"\",\"type\":\"gallery\",\"props\":{\"content_transition\":\"slide-bottom-small\",\"filter\":false,\"filter_align\":\"left\",\"filter_all\":true,\"filter_grid_breakpoint\":\"m\",\"filter_grid_width\":\"auto\",\"filter_position\":\"top\",\"filter_style\":\"tab\",\"grid_column_gap\":\"medium\",\"grid_default\":\"1\",\"grid_medium\":\"3\",\"grid_row_gap\":\"medium\",\"grid_small\":\"2\",\"image_width\":\"610\",\"item_animation\":true,\"lightbox\":true,\"link_style\":\"default\",\"link_text\":\"\",\"margin\":\"default\",\"meta_align\":\"below-title\",\"meta_element\":\"div\",\"meta_style\":\"text-meta\",\"overlay_hover\":true,\"overlay_link\":true,\"overlay_margin\":\"small\",\"overlay_mode\":\"cover\",\"overlay_padding\":\"large\",\"overlay_position\":\"center\",\"overlay_style\":\"overlay-default\",\"overlay_transition\":\"fade\",\"parallax_easing\":\"1\",\"show_content\":true,\"show_hover_image\":true,\"show_image2\":true,\"show_link\":true,\"show_meta\":true,\"show_title\":true,\"text_align\":\"center\",\"text_color\":\"\",\"title_decoration\":\"divider\",\"title_element\":\"h2\",\"title_hover_style\":\"reset\",\"title_style\":\"h4\",\"title_transition\":\"slide-top-small\"},\"children\":[{\"type\":\"gallery_item\",\"props\":{\"image\":\"wp-content\\\/uploads\\\/2023\\\/06\\\/Negresco-Geb.-2cm-scaled.jpg\",\"title\":\"Negresco Geb. 2cm\"}},{\"type\":\"gallery_item\",\"props\":{\"image\":\"wp-content\\\/uploads\\\/2023\\\/06\\\/Negresco-Geb.-3cm-scaled.jpg\",\"title\":\"Negresco Geb. 3cm\"}},{\"type\":\"gallery_item\",\"props\":{\"image\":\"wp-content\\\/uploads\\\/2023\\\/06\\\/Negresco-Geb.-2cm-2-scaled.jpg\",\"title\":\"Negresco Geb. 2cm (2)\"}}]}]}]}]}],\"version\":\"3.0.31\"} --><\/p>\n","protected":false},"excerpt":{"rendered":"<p>Quarz-SambaPatagonia bringt Feuer ins Design Die Granit \u00e4hnliche Zusammensetzung des Patagonia, vornehmlich besteht der Naturstein aus Quarz, Glimmer und Feldspat, macht ihn zu einem \u00e4u\u00dferst robusten und s\u00e4urebest\u00e4ndigen Material \u2013 und damit f\u00fcr stark beanspruchte Fl\u00e4chen und Anwendungen, auch f\u00fcr den Au\u00dfenbereich, geeignet. Patagonia Stone ist kratzfest und resistent gegen Hitze und Flecken. Wirklich einzigartig [&hellip;]<\/p>\n","protected":false},"author":1,"featured_media":0,"parent":0,"menu_order":0,"comment_status":"closed","ping_status":"closed","template":"","meta":{"footnotes":""},"class_list":["post-369","page","type-page","status-publish","hentry"],"_links":{"self":[{"href":"https:\/\/www.mb3-stone.com\/wp-json\/wp\/v2\/pages\/369","targetHints":{"allow":["GET"]}}],"collection":[{"href":"https:\/\/www.mb3-stone.com\/wp-json\/wp\/v2\/pages"}],"about":[{"href":"https:\/\/www.mb3-stone.com\/wp-json\/wp\/v2\/types\/page"}],"author":[{"embeddable":true,"href":"https:\/\/www.mb3-stone.com\/wp-json\/wp\/v2\/users\/1"}],"replies":[{"embeddable":true,"href":"https:\/\/www.mb3-stone.com\/wp-json\/wp\/v2\/comments?post=369"}],"version-history":[{"count":6,"href":"https:\/\/www.mb3-stone.com\/wp-json\/wp\/v2\/pages\/369\/revisions"}],"predecessor-version":[{"id":609,"href":"https:\/\/www.mb3-stone.com\/wp-json\/wp\/v2\/pages\/369\/revisions\/609"}],"wp:attachment":[{"href":"https:\/\/www.mb3-stone.com\/wp-json\/wp\/v2\/media?parent=369"}],"curies":[{"name":"wp","href":"https:\/\/api.w.org\/{rel}","templated":true}]}}