{"id":357,"date":"2023-06-07T17:44:39","date_gmt":"2023-06-07T15:44:39","guid":{"rendered":"https:\/\/www.mb3-stone.com\/?page_id=357"},"modified":"2023-09-15T13:52:48","modified_gmt":"2023-09-15T11:52:48","slug":"ueber-uns","status":"publish","type":"page","link":"https:\/\/www.mb3-stone.com\/ueber-uns\/","title":{"rendered":"Chi siamo"},"content":{"rendered":"<h1>\u00dcBER UNS<\/h1>\n<div>Mit uns werden Sie steinreich.<\/div>\n<div><font size=\"+2\">Sie suchen einen Stein? Wir finden f\u00fcr Sie nicht nur irgendeinen Stein, wir finden f\u00fcr Sie Ihren ganz speziellen, exklusiven, individuellen Stein \u2013 egal, f\u00fcr welche Anwendung oder welches Projekt: Wir garantieren Ihnen Ihren einzigartigen Stein!<\/font><\/div>\n<div>\n<p>        <img decoding=\"async\" src=\"\/wp-content\/uploads\/2023\/06\/Felix-Hohagen-Photography-295-scaled.jpg\" alt=\"\"><\/p>\n<\/div>\n<h2>Logistik, Versand und Lagerung<\/h2>\n<div>\n<p>Dar\u00fcber hinaus k\u00fcmmern wir uns um Logistik, Versand und Lagerung der Steine; und wir organisieren den Transport zu den gew\u00fcnschten Standorten und Baustellen und stellen sicher, dass die Lieferungen p\u00fcnktlich und sicher ankommen.<\/p>\n<\/div>\n<h2>Hochwertige Steine aus der ganzen Welt<\/h2>\n<div>\n<p>Wir sind ein Team von erfahrenen Steinmetzen, H\u00e4ndlern und Fachleuten. Unser weltweites Netzwerk an Steinlieferanten, direkt vom Steinbruch oder internationalen Exporteuren, gew\u00e4hrleistet eine Auswahl aus einer breiten Palette von Steinsorten und -arten \u2013 darunter Natursteine wie Granit, Marmor, Schiefer, Quarzit, Kalkstein und viele andere. Aus diesem Sortiment suchen wir die hochwertigsten Materialien und Designs aus \u2013 damit liefern wir praktisch den extraindividuellen Touch, der Ihr Projekt einzigartig macht.<\/p>\n<\/div>\n<h2>Qualit\u00e4t, Exklusivit\u00e4t und Bestpreisgarantie<\/h2>\n<div>\n<p>Die langfristigen Beziehungen zu unseren Steinlieferanten sichern damit Qualit\u00e4t, Exklusivit\u00e4t und Bestpreisgarantie. Wir verhandeln, pr\u00fcfen die Herkunft und Zertifizierung der Steine und stellen sicher, dass die angebotenen Materialien den Anforderungen unserer Kunden entsprechen. Wir arbeiten eng mit Architekten, Bauunternehmen, Innenarchitekten und anderen in der Bau- und Designbranche zusammen. Wir beraten unsere Kunden bei der Auswahl des richtigen Steins f\u00fcr ihre spezifischen Anforderungen, sei es f\u00fcr Fassaden, Innenausbau, Renovierungsprojekte oder f\u00fcr k\u00fcnstlerische Objekte.<\/p>\n<\/div>\n<div>\n<p>        <img decoding=\"async\" src=\"\/wp-content\/uploads\/2023\/06\/Felix-Hohagen-Photography-388-scaled.jpg\" alt=\"\"><\/p>\n<\/div>\n<h2>Stone Specials<\/h2>\n<div>\n<p>Gehen Sie mit uns auf die Reise und kommen Sie zum Steinbruch, um direkt beim Steinbruchbesitzer Ihren Block auszuw\u00e4hlen und zu kaufen! <br \/>Carrara ist immer eine Reise wert!<\/p>\n<\/div>\n<p><img decoding=\"async\" src=\"\/wp-content\/uploads\/2023\/06\/Felix-Hohagen-Photography-392-scaled.jpg\" alt=\"\"><\/p>\n<p><!--more--><br \/>\n<!-- {\"type\":\"layout\",\"children\":[{\"name\":\"Hero\",\"type\":\"section\",\"props\":{\"animation\":\"fade\",\"image\":\"\",\"image_loading\":true,\"image_position\":\"center-right\",\"media_visibility\":\"m\",\"padding\":\"large\",\"padding_remove_top\":false,\"style\":\"default\",\"title_breakpoint\":\"xl\",\"title_position\":\"top-left\",\"title_rotation\":\"left\",\"vertical_align\":\"middle\",\"width\":\"default\"},\"children\":[{\"type\":\"row\",\"props\":{\"margin\":\"xlarge\"},\"children\":[{\"type\":\"column\",\"props\":{\"image_position\":\"center-center\",\"media_overlay_gradient\":\"\",\"position_sticky_breakpoint\":\"m\",\"width_medium\":\"1-1\"},\"children\":[{\"type\":\"headline\",\"props\":{\"content\":\"\\u00dcBER UNS\",\"content_en_us\":\"ABOUT US\",\"content_it_it\":\"CHI SIAMO\",\"text_align\":\"center\",\"title_element\":\"h1\",\"title_style\":\"h6\"}},{\"type\":\"headline\",\"props\":{\"block_align\":\"center\",\"content\":\"Mit uns werden Sie steinreich.\",\"content_en_us\":\"Our company is solid as a rock.\",\"content_it_it\":\"Con noi diventerete ricchi di pietre.\",\"margin\":\"large\",\"margin_remove_bottom\":true,\"maxwidth\":\"2xlarge\",\"text_align\":\"center\",\"title_element\":\"div\",\"title_style\":\"h2\"}},{\"type\":\"text\",\"props\":{\"column_breakpoint\":\"m\",\"content\":\"<font size=\\\"+2\\\">Sie suchen einen Stein? Wir finden f\\u00fcr Sie nicht nur irgendeinen Stein, wir finden f\\u00fcr Sie Ihren ganz speziellen, exklusiven, individuellen Stein \\u2013 egal, f\\u00fcr welche Anwendung oder welches Projekt: Wir garantieren Ihnen Ihren einzigartigen Stein!<\\\/font>\",\"content_en_us\":\"<font size=\\\"+2\\\">Are you searching for the perfect stone? We will help you find not just any type of stone, but one that is personalized, special, and exclusive\\u2014no matter what the purpose or project. At Breitwieser we guarantee that you will find exactly the perfect stone for your needs.<\\\/font>\",\"content_it_it\":\"<font size=\\\"+2\\\">Cercate una pietra?Noi cerchiamo per voi qualsiasi tipo di pietra, troviamo per voi la vostra pietra speciale , esclusiva e straordinaria - non importa quale sia l\\u2019utilizzo o il progetto: vi garantiamo la vostra pietra unica<\\\/font>\",\"dropcap\":false,\"margin\":\"default\",\"text_align\":\"center\"}},{\"type\":\"divider\",\"props\":{\"divider_align\":\"center\",\"divider_element\":\"div\",\"divider_style\":\"small\",\"margin\":\"medium\"}}]}]}]},{\"name\":\"History\",\"type\":\"section\",\"props\":{\"animation\":\"fade\",\"image_fixed\":false,\"image_position\":\"top-right\",\"padding\":\"small\",\"padding_remove_top\":true,\"style\":\"default\",\"title_breakpoint\":\"xl\",\"title_position\":\"top-left\",\"title_rotation\":\"left\",\"vertical_align\":\"middle\",\"width\":\"default\"},\"children\":[{\"type\":\"row\",\"props\":{\"divider\":false,\"layout\":\"1-2,1-2\"},\"children\":[{\"type\":\"column\",\"props\":{\"image_position\":\"center-center\",\"media_overlay_gradient\":\"\",\"position_sticky_breakpoint\":\"m\",\"width_small\":\"1-2\"},\"children\":[{\"type\":\"panel\",\"props\":{\"content\":\"\",\"content_column_breakpoint\":\"m\",\"icon_width\":80,\"image\":\"wp-content\\\/uploads\\\/2023\\\/06\\\/Felix-Hohagen-Photography-295-scaled.jpg\",\"image_align\":\"top\",\"image_grid_breakpoint\":\"m\",\"image_grid_width\":\"1-2\",\"image_height\":\"814\",\"image_loading\":true,\"image_svg_color\":\"emphasis\",\"image_width\":\"610\",\"link_style\":\"default\",\"link_text\":\"Read more\",\"margin\":\"large\",\"meta\":\"\",\"meta_align\":\"below-title\",\"meta_element\":\"div\",\"meta_style\":\"text-meta\",\"title\":\"\",\"title_align\":\"top\",\"title_element\":\"h3\",\"title_grid_breakpoint\":\"m\",\"title_grid_width\":\"1-2\",\"title_hover_style\":\"reset\"}},{\"type\":\"headline\",\"props\":{\"content\":\"Logistik, Versand und Lagerung\",\"content_en_us\":\"Logistics, shipping, and storage\",\"content_it_it\":\"Logistica, Spedizione e Stoccaggio \",\"margin\":\"default\",\"margin_remove_bottom\":false,\"title_element\":\"h2\",\"title_style\":\"h3\"}},{\"type\":\"text\",\"props\":{\"column_breakpoint\":\"m\",\"content\":\"\n\n<p>Dar\\u00fcber hinaus k\\u00fcmmern wir uns um Logistik, Versand und Lagerung der Steine; und wir organisieren den Transport zu den gew\\u00fcnschten Standorten und Baustellen und stellen sicher, dass die Lieferungen p\\u00fcnktlich und sicher ankommen.<\\\/p>\",\"content_en_us\":\"\n\n<p>In addition to taking care of logistics, shipping, and storage needs for your stone, we also organize transportation to the specified location and construction site, ensuring that deliveries arrive safely and on time.<\\\/p>\",\"content_it_it\":\"\n\n<p>Dci occupiamo inoltre di Logistica, Spedizione e magazzinaggio delle pietre ; organiz-ziamo il trasporto fino alle destinazioni desiderate o cantieri e ci assicuriamo che le consegne avvengano puntuali ed in sicurezza<\\\/p>\",\"margin\":\"default\"}}]},{\"type\":\"column\",\"props\":{\"image_position\":\"center-center\",\"media_overlay_gradient\":\"\",\"position_sticky_breakpoint\":\"m\",\"width_small\":\"1-2\"},\"children\":[{\"type\":\"headline\",\"props\":{\"content\":\"Hochwertige Steine aus der ganzen Welt\",\"content_en_us\":\"High-quality stone from all over the world\",\"content_it_it\":\"Pietre pregiate da tutto il mondo\",\"margin\":\"medium\",\"margin_remove_bottom\":false,\"title_element\":\"h2\",\"title_style\":\"h3\"}},{\"type\":\"text\",\"props\":{\"column_breakpoint\":\"m\",\"content\":\"\n\n<p>Wir sind ein Team von erfahrenen Steinmetzen, H\\u00e4ndlern und Fachleuten. Unser weltweites Netzwerk an Steinlieferanten, direkt vom Steinbruch oder internationalen Exporteuren, gew\\u00e4hrleistet eine Auswahl aus einer breiten Palette von Steinsorten und -arten \\u2013 darunter Natursteine wie Granit, Marmor, Schiefer, Quarzit, Kalkstein und viele andere. Aus diesem Sortiment suchen wir die hochwertigsten Materialien und Designs aus \\u2013 damit liefern wir praktisch den extraindividuellen Touch, der Ihr Projekt einzigartig macht.<\\\/p>\",\"content_en_us\":\"\n\n<p>We are a team of experienced stonemasons, businesspeople, and specialists. Our global network of suppliers, who source directly from quarries and international exporters, ensures that we always have a wide range of stone types available, including natural ones such as granite, marble, slate, quartzite, limestone, and many more. We select the highest quality materials and designs from the available range\\u2014proficiently delivering the personalized touch that makes your project so unique.<\\\/p>\",\"content_it_it\":\"\n\n<p>Siamo un team di esperti Cavatori, Commercianti e di tecnici professionisti. La nostra rete internazionale di fornitori di pietre, direttamente dalla cava o da esportatori in-ternazionali, garantisce una scelta tra una vasta gamma di Pietre di diversa specie e variet\\u00e0 come granito, marmo, ardesia, quarzite, pietre calcaree e molte altre. Da questo assortimento selezioniamo i materiali ed i Design pi\\u00f9 pregiati - cos\\u00ec in pratica vi forniamo quel tocco unico che rende il vostro progetto straordinario.<\\\/p>\",\"dropcap\":true,\"margin\":\"medium\"}},{\"type\":\"headline\",\"props\":{\"content\":\"Qualit\\u00e4t, Exklusivit\\u00e4t und Bestpreisgarantie\",\"content_en_us\":\"Quality, exclusivity, and a guarantee of the best prices\",\"content_it_it\":\"Qualit\\u00e0, esclusivit\\u00e0 e miglior prezzo garantito\",\"margin\":\"medium\",\"margin_remove_bottom\":false,\"title_element\":\"h2\",\"title_style\":\"h3\"}},{\"type\":\"text\",\"props\":{\"column_breakpoint\":\"m\",\"content\":\"\n\n<p>Die langfristigen Beziehungen zu unseren Steinlieferanten sichern damit Qualit\\u00e4t, Exklusivit\\u00e4t und Bestpreisgarantie. Wir verhandeln, pr\\u00fcfen die Herkunft und Zertifizierung der Steine und stellen sicher, dass die angebotenen Materialien den Anforderungen unserer Kunden entsprechen. Wir arbeiten eng mit Architekten, Bauunternehmen, Innenarchitekten und anderen in der Bau- und Designbranche zusammen. Wir beraten unsere Kunden bei der Auswahl des richtigen Steins f\\u00fcr ihre spezifischen Anforderungen, sei es f\\u00fcr Fassaden, Innenausbau, Renovierungsprojekte oder f\\u00fcr k\\u00fcnstlerische Objekte.<\\\/p>\",\"content_en_us\":\"\n\n<p>Our long-term partnerships with the finest stone suppliers ensure that we consistently provide quality, exclusivity, and the best prices on the market. We negotiate for you, checking origin and certification to ensure that the materials we offer meet our customers\\u2019 requirements. We work closely together with architects, contractors, interior designers, and others in construction and design. And equally importantly, we help our customers choose the right stone for their specific requirements, be it a fa\\u00e7ade, new interior, renovation project, or piece of art.<\\\/p>\",\"content_it_it\":\"\n\n<p>Le relazioni durature con i nostri fornitori di pietre assicurano qualit\\u00e0, esclusiva e la garanzia del miglior prezzo. Noi contrattiamo , verifichiamo l\\u2019origine e la certifica-zione delle pietre e ci accertiamo che i materiali offerti soddisfino le esigenze dei nos-tri clienti. Lavoriamo a stretto contatto con architetti, imprese di costruzioni, Ar-chitetti d\\u2019interni ed altri professionisti del settore edilizio e del design. Assistiamo e consigliamo i nostri clienti nella scelta della pietra giusta per le loro specifiche esi-genze, sia per facciate, rifiniture interne, progetti di ristrutturazione o per oggetti artistici.<\\\/p>\",\"dropcap\":true,\"margin\":\"medium\"}},{\"type\":\"panel\",\"props\":{\"content\":\"\",\"content_column_breakpoint\":\"m\",\"icon_width\":80,\"image\":\"wp-content\\\/uploads\\\/2023\\\/06\\\/Felix-Hohagen-Photography-388-scaled.jpg\",\"image_align\":\"top\",\"image_grid_breakpoint\":\"m\",\"image_grid_width\":\"1-2\",\"image_height\":\"380\",\"image_loading\":true,\"image_svg_color\":\"emphasis\",\"image_width\":\"610\",\"link_style\":\"default\",\"link_text\":\"Read more\",\"margin\":\"large\",\"margin_remove_bottom\":true,\"meta\":\"\",\"meta_align\":\"below-title\",\"meta_element\":\"div\",\"meta_style\":\"text-meta\",\"title\":\"\",\"title_align\":\"top\",\"title_element\":\"h3\",\"title_grid_breakpoint\":\"m\",\"title_grid_width\":\"1-2\",\"title_hover_style\":\"reset\"}}]}]}]},{\"name\":\"Owner\",\"type\":\"section\",\"props\":{\"animation\":\"fade\",\"image\":\"\",\"image_position\":\"top-right\",\"media_visibility\":\"s\",\"padding_remove_bottom\":false,\"padding_remove_top\":false,\"style\":\"default\",\"title_breakpoint\":\"xl\",\"title_position\":\"top-left\",\"title_rotation\":\"left\",\"vertical_align\":\"middle\",\"width\":\"default\"},\"children\":[{\"type\":\"row\",\"children\":[{\"type\":\"column\",\"props\":{\"image_position\":\"center-center\",\"media_overlay_gradient\":\"\",\"position_sticky_breakpoint\":\"m\",\"width_medium\":\"1-1\"},\"children\":[{\"type\":\"headline\",\"props\":{\"content\":\"Stone Specials\",\"text_align\":\"center\",\"title_element\":\"h2\"}},{\"type\":\"text\",\"props\":{\"block_align\":\"center\",\"column_breakpoint\":\"m\",\"content\":\"\n\n<p>Gehen Sie mit uns auf die Reise und kommen Sie zum Steinbruch, um direkt beim Steinbruchbesitzer Ihren Block auszuw\\u00e4hlen und zu kaufen! <br \\\/>Carrara ist immer eine Reise wert!<\\\/p>\",\"content_en_us\":\"\n\n<p>We invite you to come visit the quarry to select and purchase your block of stone directly from the source.<br \\\/><br \\\/>\\nCarrara is always worth the trip!<\\\/p>\\n\",\"content_it_it\":\"\n\n<p>Condividete il viaggio con noi e venite fino in cava per scegliere ed acquistare il vostro blocco direttamente dal proprietario della cava!<br \\\/> \\nCarrara vale sempre un viaggio ! <\\\/p>\\n\",\"margin\":\"large\",\"margin_remove_top\":false,\"maxwidth\":\"xlarge\",\"text_align\":\"center\"}},{\"type\":\"image\",\"props\":{\"image\":\"wp-content\\\/uploads\\\/2023\\\/06\\\/Felix-Hohagen-Photography-392-scaled.jpg\",\"image_height\":\"575\",\"image_svg_color\":\"emphasis\",\"image_width\":\"1200\",\"margin\":\"default\"}}]}]}]}],\"version\":\"3.0.31\"} --><\/p>\n","protected":false},"excerpt":{"rendered":"<p>\u00dcBER UNS Mit uns werden Sie steinreich. Sie suchen einen Stein? Wir finden f\u00fcr Sie nicht nur irgendeinen Stein, wir finden f\u00fcr Sie Ihren ganz speziellen, exklusiven, individuellen Stein \u2013 egal, f\u00fcr welche Anwendung oder welches Projekt: Wir garantieren Ihnen Ihren einzigartigen Stein! Logistik, Versand und Lagerung Dar\u00fcber hinaus k\u00fcmmern wir uns um Logistik, Versand [&hellip;]<\/p>\n","protected":false},"author":1,"featured_media":0,"parent":0,"menu_order":0,"comment_status":"closed","ping_status":"closed","template":"","meta":{"footnotes":""},"class_list":["post-357","page","type-page","status-publish","hentry"],"_links":{"self":[{"href":"https:\/\/www.mb3-stone.com\/wp-json\/wp\/v2\/pages\/357","targetHints":{"allow":["GET"]}}],"collection":[{"href":"https:\/\/www.mb3-stone.com\/wp-json\/wp\/v2\/pages"}],"about":[{"href":"https:\/\/www.mb3-stone.com\/wp-json\/wp\/v2\/types\/page"}],"author":[{"embeddable":true,"href":"https:\/\/www.mb3-stone.com\/wp-json\/wp\/v2\/users\/1"}],"replies":[{"embeddable":true,"href":"https:\/\/www.mb3-stone.com\/wp-json\/wp\/v2\/comments?post=357"}],"version-history":[{"count":14,"href":"https:\/\/www.mb3-stone.com\/wp-json\/wp\/v2\/pages\/357\/revisions"}],"predecessor-version":[{"id":607,"href":"https:\/\/www.mb3-stone.com\/wp-json\/wp\/v2\/pages\/357\/revisions\/607"}],"wp:attachment":[{"href":"https:\/\/www.mb3-stone.com\/wp-json\/wp\/v2\/media?parent=357"}],"curies":[{"name":"wp","href":"https:\/\/api.w.org\/{rel}","templated":true}]}}