{"id":322,"date":"2023-06-07T16:59:55","date_gmt":"2023-06-07T14:59:55","guid":{"rendered":"https:\/\/www.mb3-stone.com\/?page_id=322"},"modified":"2023-09-13T12:49:00","modified_gmt":"2023-09-13T10:49:00","slug":"carrara-italien","status":"publish","type":"page","link":"https:\/\/www.mb3-stone.com\/carrara-italien\/","title":{"rendered":"Carrara Italia"},"content":{"rendered":"<h1><strong>Marmor aus Carrara<\/strong><br \/>Michelangelo\u00b4s Erbschaft<\/h1>\n<div>\n<p>Carrara-Marmor ist eine der bekanntesten und begehrtesten Marmorarten weltweit. Entstanden vor etwa 30 Millionen Jahren, wird er bereits seit dem Ende der r\u00f6mischen Republik aus den Steinbr\u00fcchen in der Region Toskana gewonnen. Doch erst der Renaissance Bildhauer Michelangelo hat einen der nun teuersten Marmorarten, den \u201eBianco Statuario\u201c, ber\u00fchmt gemacht \u2013 doch Carrara hat mehr zu bieten: An die 50 unterschiedlichen Marmorsorten werden in den Steinbr\u00fcchen abgebaut.<\/p>\n<p>Wir bieten Ihnen ein ausgesuchtes Portfolio an Marmor aus Carrara an \u2013 direkt aus den Steinbr\u00fcchen, direkt vom Hersteller. Wir unterst\u00fctzen Sie bei der Auswahl und begleiten Sie professionell. Gerne unterst\u00fctzen wir Sie auch bei Verarbeitung und Designfragen mit unserer Expertise und unserem Netzwerk. Egal wie gro\u00df der Anspruch oder wie klein das Projekt \u2013 Stein ist unsere Leidenschaft.<\/p>\n<p>Jede Sorte hat ihre eigenen einzigartigen Merkmale. Wir beraten Sie gerne. <br \/><strong>Hier ein paar Beispiele:<\/strong><\/p>\n<\/div>\n<div>\n<p><strong>Carrara Bianco<\/strong> ist die klassische Sorte von Carrara-Marmor. Er zeichnet sich durch eine helle wei\u00dfe Grundfarbe aus und weist eine feine graue oder blaugraue Maserung auf. Carrara Bianco ist vielseitig einsetzbar und findet Anwendung in Bodenbel\u00e4gen, Wandverkleidungen, Arbeitsplatten und Skulpturen.<\/p>\n<p><strong>Carrara Statuario<\/strong> ist eine seltene und hochwertige Sorte von Carrara-Marmor. Er hat eine helle wei\u00dfe Grundfarbe und weist auff\u00e4llige graue Adern auf, die sich in einem wellenf\u00f6rmigen Muster \u00fcber die Oberfl\u00e4che erstrecken. Carrara Statuario wird h\u00e4ufig f\u00fcr anspruchsvolle Anwendungen im Interieur verwendet.<\/p>\n<p><strong>Carrara Calacatta<\/strong> ist eine edlere und seltenere Variante von Carrara-Marmor. Er zeichnet sich durch eine helle wei\u00dfe Grundfarbe aus, die von auff\u00e4lligen goldenen oder grauen Adern durchzogen ist. Carrara Calacatta wird oft f\u00fcr hochwertige Interieurs verwendet und ist sehr beliebt als K\u00fcchenarbeitsplatte oder in Badezimmern.<br \/>Calacatta gibt es in den Sorten Calacatta Borghini, Calacatta Extra, Calacatta Viola, Calacatta Caldia, Calacatta Brocatella<\/p>\n<p>Auch die Sorten Statuarietto, Nero Portoro (schwarz) oder Giallo Siena (gelb).<\/p>\n<\/div>\n<ul>\n<li>\n<p>        <img decoding=\"async\" src=\"\/wp-content\/uploads\/2023\/06\/Calacatta-Pol.-2cm-1-scaled.jpg\" alt=\"\"><\/p>\n<h2>Calacatta Pol. 2cm (1)<\/h2>\n<\/li>\n<li>\n<p>        <img decoding=\"async\" src=\"\/wp-content\/uploads\/2023\/06\/Calacatta-Pol.-2cm-9-scaled.jpg\" alt=\"\"><\/p>\n<h2>Calacatta Pol. 2cm 9<\/h2>\n<\/li>\n<li>\n<p>        <img decoding=\"async\" src=\"\/wp-content\/uploads\/2023\/06\/Calacatta-Pol.-2cm-scaled.jpg\" alt=\"\"><\/p>\n<h2>Calacatta Pol. 2cm<\/h2>\n<\/li>\n<li>\n<p>        <img decoding=\"async\" src=\"\/wp-content\/uploads\/2023\/06\/Calacatta-Viola-Fein-Ges.-2cm-2-scaled.jpg\" alt=\"\"><\/p>\n<h2>Calacatta Viola Fein Ges. 2cm 2<\/h2>\n<\/li>\n<li>\n<p>        <img decoding=\"async\" src=\"\/wp-content\/uploads\/2023\/06\/Giallo-Siena-Pol.-2cm-2-scaled.jpg\" alt=\"\"><\/p>\n<h2>Giallo Siena Pol. 2cm (2)<\/h2>\n<\/li>\n<li>\n<p>        <img decoding=\"async\" src=\"\/wp-content\/uploads\/2023\/06\/Nero-Portoro-Pol.-2cm-2-scaled.jpg\" alt=\"\"><\/p>\n<h2>Nero Portoro Pol. 2cm 2<\/h2>\n<\/li>\n<li>\n<p>        <img decoding=\"async\" src=\"\/wp-content\/uploads\/2023\/06\/Statuarietto-Fein-Ges.-2cm-scaled.jpg\" alt=\"\"><\/p>\n<h2>Statuarietto Fein Ges. 2cm<\/h2>\n<\/li>\n<li>\n<p>        <img decoding=\"async\" src=\"\/wp-content\/uploads\/2023\/06\/Bianco-Carrara-Fein-Ges.-2cm-6-scaled.jpg\" alt=\"\"><\/p>\n<h2>Bianco Carrara Fein Ges. 2cm (6)<\/h2>\n<\/li>\n<li>\n<p>        <img decoding=\"async\" src=\"\/wp-content\/uploads\/2023\/06\/Bianco-Statuario-Pol.-2cm-4-scaled.jpg\" alt=\"\"><\/p>\n<h2>Bianco Statuario Pol. 2cm (4)<\/h2>\n<\/li>\n<li>\n<p>        <img decoding=\"async\" src=\"\/wp-content\/uploads\/2023\/06\/Calacatta-Caldia-Gesch.-3cm-4-scaled.jpg\" alt=\"\"><\/p>\n<h2>Calacatta Caldia Gesch. 3cm (4)<\/h2>\n<\/li>\n<li>\n<p>        <img decoding=\"async\" src=\"\/wp-content\/uploads\/2023\/06\/Calacatta-Fein-Ges.-2cm-1-scaled.jpg\" alt=\"\"><\/p>\n<h2>Calacatta Fein Ges. 2cm (1)<\/h2>\n<\/li>\n<\/ul>\n<p><!--more--><br \/>\n<!-- {\"type\":\"layout\",\"children\":[{\"name\":\"Gallery\",\"type\":\"section\",\"props\":{\"animation\":\"fade\",\"image_position\":\"center-center\",\"padding\":\"large\",\"style\":\"muted\",\"title_breakpoint\":\"xl\",\"title_position\":\"top-left\",\"title_rotation\":\"left\",\"vertical_align\":\"middle\",\"width\":\"default\"},\"children\":[{\"name\":\"\",\"type\":\"row\",\"children\":[{\"name\":\"\",\"type\":\"column\",\"props\":{\"image_position\":\"center-center\",\"media_overlay_gradient\":\"\",\"position_sticky_breakpoint\":\"m\",\"width_medium\":\"1-1\"},\"children\":[{\"name\":\"\",\"type\":\"headline\",\"props\":{\"content\":\"<strong>Marmor aus Carrara<\\\/strong><br \\\/>Michelangelo\\u00b4s Erbschaft\",\"content_en_us\":\"<strong>Carrara marble<\\\/strong><br \\\/>Michelangelo\\u2019s legacy\",\"content_it_it\":\"<strong>Il marmo di Carrara<\\\/strong><br \\\/>L\\u2019eredit\\u00e0 di Michelangelo\",\"title_element\":\"h1\",\"title_style\":\"h2\"}},{\"name\":\"\",\"type\":\"text\",\"props\":{\"column_breakpoint\":\"m\",\"content\":\"\n\n<p>Carrara-Marmor ist eine der bekanntesten und begehrtesten Marmorarten weltweit. Entstanden vor etwa 30 Millionen Jahren, wird er bereits seit dem Ende der r\\u00f6mischen Republik aus den Steinbr\\u00fcchen in der Region Toskana gewonnen. Doch erst der Renaissance Bildhauer Michelangelo hat einen der nun teuersten Marmorarten, den \\u201eBianco Statuario\\u201c, ber\\u00fchmt gemacht \\u2013 doch Carrara hat mehr zu bieten: An die 50 unterschiedlichen Marmorsorten werden in den Steinbr\\u00fcchen abgebaut.<\\\/p>\\n\n\n<p>Wir bieten Ihnen ein ausgesuchtes Portfolio an Marmor aus Carrara an \\u2013 direkt aus den Steinbr\\u00fcchen, direkt vom Hersteller. Wir unterst\\u00fctzen Sie bei der Auswahl und begleiten Sie professionell. Gerne unterst\\u00fctzen wir Sie auch bei Verarbeitung und Designfragen mit unserer Expertise und unserem Netzwerk. Egal wie gro\\u00df der Anspruch oder wie klein das Projekt \\u2013 Stein ist unsere Leidenschaft.<\\\/p>\\n\n\n<p>Jede Sorte hat ihre eigenen einzigartigen Merkmale. Wir beraten Sie gerne. <br \\\/><strong>Hier ein paar Beispiele:<\\\/strong><\\\/p>\",\"content_en_us\":\"\n\n<p>Carrara marble is one of the most famous and sought-after types of marble in the world. Originating 30 million years ago, it has been extracted from quarries in Tuscany since the end of the Roman Republic. But it was Renaissance sculptor Michelangelo who made what is now one of the most expensive types of marble famous\\u2014with his \\u201cBianco Statuario\\u201d. Still, with around 50 different types of marble mined in the quarries, Carrara has much more to offer.<\\\/p>\\n\n\n<p>We have a portfolio of select Carrara marble just for you\\u2014directly from the quarries, straight from the source\\u2014and are happy to support you and provide our professional expertise throughout the selection process. We can answer all your processing and design questions and will gladly connect you with our network of contacts. No matter how big the dream or how small the project\\u2014stone is our passion.<\\\/p>\\n\n\n<p>Each variety has its own unique character. We are happy to help you discover the world of stone. <br \\\/><strong>For example:<\\\/strong><\\\/p>\",\"content_it_it\":\"\n\n<p>Il marmo di Carrara \\u00e8 uno dei marmi pi\\u00f9 conosciuti e ricercati in tutto il mondo. Scoperto da circa 30 Millioni di anni, \\u00e8 stato estrat-to gi\\u00e0 dalla fine della repubblica romana dalle cave presenti nella regione Toscana. E\\u2019 poi lo scultore rinascimentale Michelangelo che ha reso celebre uno dei tipi di marmo oggi tra i pi\\u00f9 cari , il \\u201cBianco Statuario\\u201d - ma Carrara ha molto di pi\\u00f9 da offrire: con 50 diverse va-riet\\u00e0 di marmo che vengono estratte della sue cave.<\\\/p>\\n\n\n<p>Noi vi offriamo una gamma di marmo di Carrara selezionata - diret-tamente in cava, direttamente dal produttore. Vi supportiamo nella scelta e vi guidiamo in maniera professionale.  Siamo disponibili ad assistervi anche nella lavorazione e nella progettazione grazie ad i nostri esperti e alla nostra rete di professionisti. Non importa quan-to sia grande la richiesta o quanto sia piccolo il progetto - La pietra \\u00e8 la nostra passione <\\\/p>\\n\n\n<p>Ogni tipologia di materiale ha le proprie caratteristiche uniche. Si-amo lieti di consigliarvi <br \\\/><strong>Ecco un paio di esempi:<\\\/strong><\\\/p>\",\"margin\":\"default\",\"maxwidth\":\"2xlarge\"}}]}]},{\"name\":\"\",\"type\":\"row\",\"props\":{\"margin\":\"medium\"},\"children\":[{\"name\":\"\",\"type\":\"column\",\"props\":{\"image_position\":\"center-center\",\"media_overlay_gradient\":\"\",\"position_sticky_breakpoint\":\"m\",\"width_medium\":\"1-1\"},\"children\":[{\"type\":\"text\",\"props\":{\"column_breakpoint\":\"m\",\"content\":\"\n\n<p><strong>Carrara Bianco<\\\/strong> ist die klassische Sorte von Carrara-Marmor. Er zeichnet sich durch eine helle wei\\u00dfe Grundfarbe aus und weist eine feine graue oder blaugraue Maserung auf. Carrara Bianco ist vielseitig einsetzbar und findet Anwendung in Bodenbel\\u00e4gen, Wandverkleidungen, Arbeitsplatten und Skulpturen.<br \\\/><br \\\/><strong>Carrara Statuario<\\\/strong> ist eine seltene und hochwertige Sorte von Carrara-Marmor. Er hat eine helle wei\\u00dfe Grundfarbe und weist auff\\u00e4llige graue Adern auf, die sich in einem wellenf\\u00f6rmigen Muster \\u00fcber die Oberfl\\u00e4che erstrecken. Carrara Statuario wird h\\u00e4ufig f\\u00fcr anspruchsvolle Anwendungen im Interieur verwendet.<br \\\/><br \\\/><strong>Carrara Calacatta<\\\/strong> ist eine edlere und seltenere Variante von Carrara-Marmor. Er zeichnet sich durch eine helle wei\\u00dfe Grundfarbe aus, die von auff\\u00e4lligen goldenen oder grauen Adern durchzogen ist. Carrara Calacatta wird oft f\\u00fcr hochwertige Interieurs verwendet und ist sehr beliebt als K\\u00fcchenarbeitsplatte oder in Badezimmern.<br \\\/>Calacatta gibt es in den Sorten Calacatta Borghini, Calacatta Extra, Calacatta Viola, Calacatta Caldia, Calacatta Brocatella<br \\\/><br \\\/>Auch die Sorten Statuarietto, Nero Portoro (schwarz) oder Giallo Siena (gelb).<\\\/p>\",\"content_en_us\":\"\n\n<p><strong>Carrara Bianco<\\\/strong> is the classic variety of Carrara marble. It is characterized by its pale white base color and fine gray or blue-gray veining. Carrara Bianco is versatile and used for flooring, wall panels, countertops, and sculptures.<br \\\/><br \\\/><strong>Carrara Statuario<\\\/strong> is a rare and high-quality variety of Carrara marble. It has a pale white base color and features striking gray veining extending across the surface in a wave-like pattern. Carrara Statuario is often used for demanding interior applications.<br \\\/><br \\\/><strong>Carrara Calacatta <\\\/strong> is a noble and rare type of Carrara marble. It has a bright white base hue interspersed with striking golden or gray veins. Carrara Calacatta is often used for high-end interiors and is very popular for kitchen worktops and bathrooms.<br \\\/>\\nCalacatta is available as Calacatta Borghini, Calacatta Extra, Calacatta Viola, Calacatta Caldia, and Calacatta Brocatella as well as Statuaretto, Nero Portoro (black), and Giallo Siena (yellow).\\n<\\\/p>\",\"content_it_it\":\"\n\n<p><strong>Bianco Carrara<\\\/strong> \\u00e8 la variet\\u00e0 classica del marmo di Carrara. Si contraddistingue per un colore di base bianco chiaro e presenta una sottile venatura grigia o grigio blu . Il Bianco Carrara \\u00e8 estremamente versatile e trova utilizzo nel rivestimento di pavimenti e delle pareti , piani di lavoro e nella scultura.<br \\\/><br \\\/><strong>Carrara Statuario<\\\/strong> \\u00e8 una delle variet\\u00e0 pi\\u00f9 rare e di maggiore qualit\\u00e0 tra i marmi di Car-rara. Ha un colore di base bianco chiaro e presenta venature visibili di colore grigio, che si estendono sulla superficie del materiale in una fantasia ondulata. Il Carrara Statuario viene spesso impiegato per ambizioni progetti di interni.<br \\\/><br \\\/><strong>Carrara Calacatta <\\\/strong> \\u00e8 la variet\\u00e0 pi\\u00f9 nobile e pi\\u00f9 rare del marmo di Carrara. Si contraddi-stingue per un colore di base bianco chiaro, attraversato da visibili venature sdorate o grigie. Il Carrara Calacatta viene spesso utilizza-to per realizzazioni di interni di alto livello ed \\u00e8 molto amato per piani di lavoro di cucine o nei bagni.\\nCalacatta esiste nelle varianti Calacatta Borghini, Calacatta Extra, Calacatta Viola, Calacatta Caldia, Calacatta Brocatella\\n<br \\\/><br \\\/>Anche le variet\\u00e0 Statuarietto, Nero Portoro (schwarz) o Giallo Siena (giallo).<\\\/p>\",\"margin\":\"default\"}},{\"name\":\"\",\"type\":\"gallery\",\"props\":{\"content_transition\":\"slide-bottom-small\",\"filter\":false,\"filter_align\":\"left\",\"filter_all\":true,\"filter_grid_breakpoint\":\"m\",\"filter_grid_width\":\"auto\",\"filter_position\":\"top\",\"filter_style\":\"tab\",\"grid_column_gap\":\"medium\",\"grid_default\":\"1\",\"grid_medium\":\"3\",\"grid_row_gap\":\"medium\",\"grid_small\":\"2\",\"image_width\":\"610\",\"item_animation\":true,\"lightbox\":true,\"link_style\":\"default\",\"link_text\":\"\",\"margin\":\"default\",\"meta_align\":\"below-title\",\"meta_element\":\"div\",\"meta_style\":\"text-meta\",\"overlay_hover\":true,\"overlay_link\":true,\"overlay_margin\":\"small\",\"overlay_mode\":\"cover\",\"overlay_padding\":\"large\",\"overlay_position\":\"center\",\"overlay_style\":\"overlay-default\",\"overlay_transition\":\"fade\",\"parallax_easing\":\"1\",\"show_content\":true,\"show_hover_image\":true,\"show_image2\":true,\"show_link\":true,\"show_meta\":true,\"show_title\":true,\"text_align\":\"center\",\"text_color\":\"\",\"title_decoration\":\"divider\",\"title_element\":\"h2\",\"title_hover_style\":\"reset\",\"title_style\":\"h4\",\"title_transition\":\"slide-top-small\"},\"children\":[{\"type\":\"gallery_item\",\"props\":{\"image\":\"wp-content\\\/uploads\\\/2023\\\/06\\\/Calacatta-Pol.-2cm-1-scaled.jpg\",\"title\":\"Calacatta Pol. 2cm (1)\"}},{\"type\":\"gallery_item\",\"props\":{\"image\":\"wp-content\\\/uploads\\\/2023\\\/06\\\/Calacatta-Pol.-2cm-9-scaled.jpg\",\"title\":\"Calacatta Pol. 2cm 9\"}},{\"type\":\"gallery_item\",\"props\":{\"image\":\"wp-content\\\/uploads\\\/2023\\\/06\\\/Calacatta-Pol.-2cm-scaled.jpg\",\"title\":\"Calacatta Pol. 2cm\"}},{\"type\":\"gallery_item\",\"props\":{\"image\":\"wp-content\\\/uploads\\\/2023\\\/06\\\/Calacatta-Viola-Fein-Ges.-2cm-2-scaled.jpg\",\"title\":\"Calacatta Viola Fein Ges. 2cm 2\"}},{\"type\":\"gallery_item\",\"props\":{\"image\":\"wp-content\\\/uploads\\\/2023\\\/06\\\/Giallo-Siena-Pol.-2cm-2-scaled.jpg\",\"title\":\"Giallo Siena Pol. 2cm (2)\"}},{\"type\":\"gallery_item\",\"props\":{\"image\":\"wp-content\\\/uploads\\\/2023\\\/06\\\/Nero-Portoro-Pol.-2cm-2-scaled.jpg\",\"title\":\"Nero Portoro Pol. 2cm 2\"}},{\"type\":\"gallery_item\",\"props\":{\"image\":\"wp-content\\\/uploads\\\/2023\\\/06\\\/Statuarietto-Fein-Ges.-2cm-scaled.jpg\",\"title\":\"Statuarietto Fein Ges. 2cm\"}},{\"type\":\"gallery_item\",\"props\":{\"image\":\"wp-content\\\/uploads\\\/2023\\\/06\\\/Bianco-Carrara-Fein-Ges.-2cm-6-scaled.jpg\",\"title\":\"Bianco Carrara Fein Ges. 2cm (6)\"}},{\"type\":\"gallery_item\",\"props\":{\"image\":\"wp-content\\\/uploads\\\/2023\\\/06\\\/Bianco-Statuario-Pol.-2cm-4-scaled.jpg\",\"title\":\"Bianco Statuario Pol. 2cm (4)\"}},{\"type\":\"gallery_item\",\"props\":{\"image\":\"wp-content\\\/uploads\\\/2023\\\/06\\\/Calacatta-Caldia-Gesch.-3cm-4-scaled.jpg\",\"title\":\"Calacatta Caldia Gesch. 3cm (4)\"}},{\"type\":\"gallery_item\",\"props\":{\"image\":\"wp-content\\\/uploads\\\/2023\\\/06\\\/Calacatta-Fein-Ges.-2cm-1-scaled.jpg\",\"title\":\"Calacatta Fein Ges. 2cm (1)\"}}]}]}]}]}],\"version\":\"3.0.31\"} --><\/p>\n","protected":false},"excerpt":{"rendered":"<p>Marmor aus CarraraMichelangelo\u00b4s Erbschaft Carrara-Marmor ist eine der bekanntesten und begehrtesten Marmorarten weltweit. Entstanden vor etwa 30 Millionen Jahren, wird er bereits seit dem Ende der r\u00f6mischen Republik aus den Steinbr\u00fcchen in der Region Toskana gewonnen. Doch erst der Renaissance Bildhauer Michelangelo hat einen der nun teuersten Marmorarten, den \u201eBianco Statuario\u201c, ber\u00fchmt gemacht \u2013 doch [&hellip;]<\/p>\n","protected":false},"author":1,"featured_media":0,"parent":0,"menu_order":0,"comment_status":"closed","ping_status":"closed","template":"","meta":{"footnotes":""},"class_list":["post-322","page","type-page","status-publish","hentry"],"_links":{"self":[{"href":"https:\/\/www.mb3-stone.com\/wp-json\/wp\/v2\/pages\/322","targetHints":{"allow":["GET"]}}],"collection":[{"href":"https:\/\/www.mb3-stone.com\/wp-json\/wp\/v2\/pages"}],"about":[{"href":"https:\/\/www.mb3-stone.com\/wp-json\/wp\/v2\/types\/page"}],"author":[{"embeddable":true,"href":"https:\/\/www.mb3-stone.com\/wp-json\/wp\/v2\/users\/1"}],"replies":[{"embeddable":true,"href":"https:\/\/www.mb3-stone.com\/wp-json\/wp\/v2\/comments?post=322"}],"version-history":[{"count":8,"href":"https:\/\/www.mb3-stone.com\/wp-json\/wp\/v2\/pages\/322\/revisions"}],"predecessor-version":[{"id":599,"href":"https:\/\/www.mb3-stone.com\/wp-json\/wp\/v2\/pages\/322\/revisions\/599"}],"wp:attachment":[{"href":"https:\/\/www.mb3-stone.com\/wp-json\/wp\/v2\/media?parent=322"}],"curies":[{"name":"wp","href":"https:\/\/api.w.org\/{rel}","templated":true}]}}