{"id":209,"date":"2023-04-25T15:18:52","date_gmt":"2023-04-25T13:18:52","guid":{"rendered":"https:\/\/www.mb3-stone.com\/?page_id=209"},"modified":"2023-12-07T15:46:49","modified_gmt":"2023-12-07T14:46:49","slug":"granit-afrika","status":"publish","type":"page","link":"https:\/\/www.mb3-stone.com\/granit-afrika\/","title":{"rendered":"Granito Africa"},"content":{"rendered":"<h1><strong>Afrika, Afrika!<\/strong><br \/>Granit vom schwarzen Kontinent<\/h1>\n<div>\n<p>Afrika ist ein Kontinent, der f\u00fcr seine reichen nat\u00fcrlichen Ressourcen, einschlie\u00dflich hochwertigem Granit, bekannt ist. Es gibt mehrere L\u00e4nder in Afrika, die Granitvorkommen von hoher Qualit\u00e4t aufweisen. Die vielen Granitsorten sind in der Bandbreite der Farbigkeit und Musterungen nicht mit europ\u00e4ischen Sorten vergleichbar. Die Sch\u00f6nheit und Vielfalt afrikanischen Granits sind ganz speziell. Dar\u00fcber hinaus \u00fcberzeugt Granit aus Afrika durch seine Robustheit und Langlebigkeit. Verf\u00fcgbarkeit und spezifischen Sorten variieren von Land zu Land. Wir beraten Sie gerne und zeigen Ihnen unsere Auswahl von \u201eBest of the Best-Granit\u201c aus Afrika!<\/p>\n<\/div>\n<h1>Golden Viper<\/h1>\n<div>\n<p>Der Granit Golden Viper zeichnet sich durch seine tiefschwarze Grundf\u00e4rbung aus, die teilweise mit wilden Musterungen durchzogen ist. Zarte oder kr\u00e4ftige gold-wei\u00dfe Adern machen jede Platte zu einem ganz speziellen Kunstwerk. Manchmal kommen auch wolkigere Einschl\u00fcsse und Farbspiele vor und bringen den Stein in jedem Raum kontrastreich zur Geltung. Au\u00dferdem ist Golden Viper ein sehr robuster Stein, der sich gut verarbeiten l\u00e4sst und mit verschiedenen Oberfl\u00e4chen seine Wirkung entfaltet.<\/p>\n<\/div>\n<ul>\n<li>\n<p>        <img decoding=\"async\" src=\"\/wp-content\/uploads\/2023\/06\/Golden-Viper-Pol.-2cm-15-min-scaled.jpg\" alt=\"\"><\/p>\n<h2>Golden Viper Pol. 2cm (15)-min<\/h2>\n<\/li>\n<li>\n<p>        <img decoding=\"async\" src=\"\/wp-content\/uploads\/2023\/06\/Golden-Viper-Pol.-2cm-6-min-scaled.jpg\" alt=\"\"><\/p>\n<h2>Golden Viper Pol. 2cm 6-min<\/h2>\n<\/li>\n<li>\n<p>        <img decoding=\"async\" src=\"\/wp-content\/uploads\/2023\/06\/Golden-Viper-Geb-2cm-min-scaled.jpg\" alt=\"\"><\/p>\n<h2>Golden Viper Geb 2cm-min<\/h2>\n<\/li>\n<li>\n<p>        <img decoding=\"async\" src=\"\/wp-content\/uploads\/2023\/06\/Golden-Viper-Geb.-2cm-8-min-scaled.jpg\" alt=\"\"><\/p>\n<h2>Golden Viper Geb. 2cm 8-min<\/h2>\n<\/li>\n<li>\n<p>        <img decoding=\"async\" src=\"\/wp-content\/uploads\/2023\/06\/Golden-Viper-Geb.-3cm-6-min-scaled.jpg\" alt=\"\"><\/p>\n<h2>Golden Viper Geb. 3cm (6)-min<\/h2>\n<\/li>\n<li>\n<p>        <img decoding=\"async\" src=\"\/wp-content\/uploads\/2023\/06\/Golden-Viper-Geb.-3cm-7-min-scaled.jpg\" alt=\"\"><\/p>\n<h2>Golden Viper Geb. 3cm (7)-min<\/h2>\n<\/li>\n<\/ul>\n<h1>Nero Assoluto &amp; Nero Impala<\/h1>\n<div>\n<p>Mit seiner tiefschwarzen Farbe z\u00e4hlt der Nero Assoluto zu einem absoluten Klassiker. Der Granit aus Afrika ist ein feink\u00f6rniges, schwarzes plutonisches Tiefengestein und damit sehr ebenm\u00e4\u00dfig und \u00e4u\u00dferst elegant in seiner Erscheinung. Die schwarze Granitplatte ist ein Allesk\u00f6nner und l\u00e4sst sich bestens mit anderen Materialien kombinieren. Nero Assoluto ist nicht nur edel, sondern auch besonders witterungs- und frostbest\u00e4ndig. So ist er sowohl f\u00fcr den Innen- als auch Au\u00dfenbereich ideal geeignet. Dezente Abdeckungen, K\u00fcchenarbeitsplatten, B\u00f6den oder Treppen \u2013 der Nero Assoluto bleibt best\u00e4ndig.<\/p>\n<p>Der Nero Impala unterscheidet sich durch seine hellere Erscheinung, die daraus resultiert das er Quarzanteile besitzt und graue Einschl\u00fcsse aufweist.<\/p>\n<\/div>\n<ul>\n<li>\n<p>        <img decoding=\"async\" src=\"\/wp-content\/uploads\/2023\/06\/Nero-Impala-Pol.-3cm-10-scaled.jpg\" alt=\"\"><\/p>\n<h2>Nero Impala Pol. 3cm 10<\/h2>\n<\/li>\n<li>\n<p>        <img decoding=\"async\" src=\"\/wp-content\/uploads\/2023\/06\/Nero-Assoluto-gefgeb-scaled.jpg\" alt=\"\"><\/p>\n<h2>Nero Assoluto gef+geb<\/h2>\n<\/li>\n<li>\n<p>        <img decoding=\"async\" src=\"\/wp-content\/uploads\/2023\/06\/Nero-Impala-Pol.-3cm-10--scaled.jpg\" alt=\"\"><\/p>\n<h2>Nero Impala Pol. 3cm 10-<\/h2>\n<\/li>\n<li>\n<p>        <img decoding=\"async\" src=\"\/wp-content\/uploads\/2023\/06\/Nero-Assoluto-Pol.-2cm-5-scaled.jpg\" alt=\"\"><\/p>\n<h2>Nero Assoluto Pol. 2cm 5<\/h2>\n<\/li>\n<li>\n<p>        <img decoding=\"async\" src=\"\/wp-content\/uploads\/2023\/06\/Nero-Assoluto-Pol.-3cm-1-scaled.jpg\" alt=\"\"><\/p>\n<h2>Nero Assoluto Pol. 3cm 1<\/h2>\n<\/li>\n<li>\n<p>        <img decoding=\"async\" src=\"\/wp-content\/uploads\/2023\/06\/Nero-Impala-Geb.-23-cm-26-scaled.jpg\" alt=\"\"><\/p>\n<h2>Nero Impala Geb. 2+3 cm (26)<\/h2>\n<\/li>\n<li>\n<p>        <img decoding=\"async\" src=\"\/wp-content\/uploads\/2023\/06\/Nero-Impala-Pol.-2cm-11-scaled.jpg\" alt=\"\"><\/p>\n<h2>Nero Impala Pol. 2cm 11<\/h2>\n<\/li>\n<\/ul>\n<h1>Nero Picasso<\/h1>\n<div>\n<p>Der Name sagt es schon: Nero Picasso ist \u00e4u\u00dferst variantenreich in gro\u00dfen schwungvollen Musterungen. Mit Adern und Einschl\u00fcssen von goldbraun bis dunkelgrau changieren die Granitplatten. Dezent ist anders. Nero Picasso ist ein Eyecatcher f\u00fcr jeden Raum \u2013 und h\u00e4lt in jeder Beziehung, was er verspricht.<\/p>\n<\/div>\n<ul>\n<li>\n<p>        <img decoding=\"async\" src=\"\/wp-content\/uploads\/2023\/06\/Nero-Picasso-Geb.-2cm-scaled.jpg\" alt=\"\"><\/p>\n<h2>Nero Picasso Geb. 2cm<\/h2>\n<\/li>\n<li>\n<p>        <img decoding=\"async\" src=\"\/wp-content\/uploads\/2023\/06\/Nero-Picasso-Gold-Fein-Ges.-2cm-4-scaled.jpg\" alt=\"\"><\/p>\n<h2>Nero Picasso Gold Fein Ges. 2cm (4)<\/h2>\n<\/li>\n<li>\n<p>        <img decoding=\"async\" src=\"\/wp-content\/uploads\/2023\/06\/Nero-Picasso-2.png\" alt=\"\"><\/p>\n<h2>Nero-Picasso 2<\/h2>\n<\/li>\n<li>\n<p>        <img decoding=\"async\" src=\"\/wp-content\/uploads\/2023\/06\/Nero-Picasso.png\" alt=\"\"><\/p>\n<h2>Nero-Picasso<\/h2>\n<\/li>\n<li>\n<p>        <img decoding=\"async\" src=\"\/wp-content\/uploads\/2023\/06\/Marmor-2-min-scaled.jpg\" alt=\"\"><\/p>\n<h2>Marmor-2-min<\/h2>\n<\/li>\n<li>\n<p>        <img decoding=\"async\" src=\"\/wp-content\/uploads\/2023\/06\/Nero-Picasso-Geb.-2cm-2-scaled.jpg\" alt=\"\"><\/p>\n<h2>Nero Picasso Geb. 2cm (2)<\/h2>\n<\/li>\n<\/ul>\n<p><!--more--><br \/>\n<!-- {\"type\":\"layout\",\"children\":[{\"name\":\"Gallery\",\"type\":\"section\",\"props\":{\"animation\":\"fade\",\"image_position\":\"center-center\",\"padding\":\"large\",\"style\":\"muted\",\"title_breakpoint\":\"xl\",\"title_position\":\"top-left\",\"title_rotation\":\"left\",\"vertical_align\":\"middle\",\"width\":\"default\"},\"children\":[{\"name\":\"\",\"type\":\"row\",\"children\":[{\"name\":\"\",\"type\":\"column\",\"props\":{\"image_position\":\"center-center\",\"media_overlay_gradient\":\"\",\"position_sticky_breakpoint\":\"m\",\"width_medium\":\"1-1\"},\"children\":[{\"name\":\"\",\"type\":\"headline\",\"props\":{\"content\":\"<strong>Afrika, Afrika!<\\\/strong><br \\\/>Granit vom schwarzen Kontinent\",\"content_en_us\":\"<strong>Africa, Africa!<\\\/strong><br \\\/>Granite from the Cradle of Civilization\",\"content_it_it\":\"<strong>Africa, Africa!<\\\/strong><br \\\/>Granito dal continente nero\",\"title_element\":\"h1\",\"title_style\":\"h2\"}},{\"name\":\"\",\"type\":\"text\",\"props\":{\"column_breakpoint\":\"m\",\"content\":\"\n\n<p>Afrika ist ein Kontinent, der f\\u00fcr seine reichen nat\\u00fcrlichen Ressourcen, einschlie\\u00dflich hochwertigem Granit, bekannt ist. Es gibt mehrere L\\u00e4nder in Afrika, die Granitvorkommen von hoher Qualit\\u00e4t aufweisen. Die vielen Granitsorten sind in der Bandbreite der Farbigkeit und Musterungen nicht mit europ\\u00e4ischen Sorten vergleichbar. Die Sch\\u00f6nheit und Vielfalt afrikanischen Granits sind ganz speziell. Dar\\u00fcber hinaus \\u00fcberzeugt Granit aus Afrika durch seine Robustheit und Langlebigkeit. Verf\\u00fcgbarkeit und spezifischen Sorten variieren von Land zu Land. Wir beraten Sie gerne und zeigen Ihnen unsere Auswahl von \\u201eBest of the Best-Granit\\u201c aus Afrika!<\\\/p>\",\"content_en_us\":\"\n\n<p>Africa is a continent known for its rich natural resources, including high-quality granite; several of its nations have excellent granite deposits. While the many types of granite are not comparable to European varieties in their range of colors and patterns, the beauty and diversity of African granite is very special\\u2014and it also boasts an impressive robustness and durability. Availability and varieties vary from nation to nation. We would be delighted to confer with you and show you our \\u201cBest of the Best\\u201d African granite!<\\\/p>\",\"content_it_it\":\"\n\n<p>L\\u2019Africa \\u00e8 un continente conosciuto per le sue ricche risorse natura-li , in particolar modo per il granito molto pregiato . Ci sono diverse regioni in Africa che presentano giacimenti di granito di alta qua-lit\\u00e0. Le numerose tipologie di granito, con la loro grande diversit\\u00e0 di colore , non sono paragonabili con le tipologie europee.\\nLa bellezza e la variet\\u00e0 dei graniti africani \\u00e8 davvero speciale. Il gra-nito dell\\u2019Africa si distingue inoltre per la sua robustezza e per la sua resistenza . La disponibilit\\u00e0 ed alcune particolari tipologie variano da regione a regione. Saremo lieti di consigliarvi e di mostrarvi la nostra selezione dei \\u201cGraniti Best of the Best \\u201c dall\\u2019 Africa!<\\\/p>\\n\",\"margin\":\"default\",\"maxwidth\":\"2xlarge\"}}]}]},{\"name\":\"\",\"type\":\"row\",\"props\":{\"margin\":\"large\"},\"children\":[{\"name\":\"\",\"type\":\"column\",\"props\":{\"image_position\":\"center-center\",\"media_overlay_gradient\":\"\",\"position_sticky_breakpoint\":\"m\",\"width_medium\":\"1-1\"},\"children\":[{\"name\":\"\",\"type\":\"headline\",\"props\":{\"content\":\"Golden Viper\",\"content_it_it\":\"Golden Viper\",\"title_element\":\"h1\",\"title_style\":\"h2\"}},{\"type\":\"text\",\"props\":{\"column_breakpoint\":\"m\",\"content\":\"\n\n<p>Der Granit Golden Viper zeichnet sich durch seine tiefschwarze Grundf\\u00e4rbung aus, die teilweise mit wilden Musterungen durchzogen ist. Zarte oder kr\\u00e4ftige gold-wei\\u00dfe Adern machen jede Platte zu einem ganz speziellen Kunstwerk. Manchmal kommen auch wolkigere Einschl\\u00fcsse und Farbspiele vor und bringen den Stein in jedem Raum kontrastreich zur Geltung. Au\\u00dferdem ist Golden Viper ein sehr robuster Stein, der sich gut verarbeiten l\\u00e4sst und mit verschiedenen Oberfl\\u00e4chen seine Wirkung entfaltet.<\\\/p>\",\"content_en_us\":\"\n\n<p>Golden Viper granite is characterized by its deep black foundation interspersed with wild patterns. Delicate to strong veins of gold-white make each slab a truly special work of art. Cloud-like inclusions and color play sometimes also emerge, bringing striking contrast to any room. Golden Viper is an impressively robust stone that is easy to process and can be used for a variety of different surfaces.<\\\/p>\",\"content_it_it\":\"\n\n<p>Il granito Golden Viper si caratterizza per la colorazione di base ne-ro scuro, che a tratti \\u00e8 attraversato da motivi selvaggi. Tenui o in-tense venature bianco-oro rendono ogni lastra una speciale opera d\\u2019arte. Alle volte compaiono anche vaghe influenze e giochi di col-ore  che mettono in risalto la pietra ricca di contrasti in ogni suo spazio.\\nIl Golden Viper \\u00e8 inoltre una pietra molto robusta, che si lascia la-vorare molto bene e con diverse finiture fa il proprio effetto.\\n<\\\/p>\",\"margin\":\"default\"}},{\"name\":\"\",\"type\":\"gallery\",\"props\":{\"content_transition\":\"slide-bottom-small\",\"filter\":false,\"filter_align\":\"left\",\"filter_all\":true,\"filter_grid_breakpoint\":\"m\",\"filter_grid_width\":\"auto\",\"filter_position\":\"top\",\"filter_style\":\"tab\",\"grid_column_gap\":\"medium\",\"grid_default\":\"1\",\"grid_medium\":\"3\",\"grid_row_gap\":\"medium\",\"grid_small\":\"2\",\"image_width\":\"610\",\"item_animation\":true,\"lightbox\":true,\"link_style\":\"default\",\"link_text\":\"\",\"margin\":\"default\",\"meta_align\":\"below-title\",\"meta_element\":\"div\",\"meta_style\":\"text-meta\",\"overlay_hover\":true,\"overlay_link\":true,\"overlay_margin\":\"small\",\"overlay_mode\":\"cover\",\"overlay_padding\":\"large\",\"overlay_position\":\"center\",\"overlay_style\":\"overlay-default\",\"overlay_transition\":\"fade\",\"parallax_easing\":\"1\",\"show_content\":true,\"show_hover_image\":true,\"show_image2\":true,\"show_link\":true,\"show_meta\":true,\"show_title\":true,\"text_align\":\"center\",\"text_color\":\"\",\"title_decoration\":\"divider\",\"title_element\":\"h2\",\"title_hover_style\":\"reset\",\"title_style\":\"h4\",\"title_transition\":\"slide-top-small\"},\"children\":[{\"type\":\"gallery_item\",\"props\":{\"image\":\"wp-content\\\/uploads\\\/2023\\\/06\\\/Golden-Viper-Pol.-2cm-15-min-scaled.jpg\",\"title\":\"Golden Viper Pol. 2cm (15)-min\"}},{\"type\":\"gallery_item\",\"props\":{\"image\":\"wp-content\\\/uploads\\\/2023\\\/06\\\/Golden-Viper-Pol.-2cm-6-min-scaled.jpg\",\"title\":\"Golden Viper Pol. 2cm 6-min\"}},{\"type\":\"gallery_item\",\"props\":{\"image\":\"wp-content\\\/uploads\\\/2023\\\/06\\\/Golden-Viper-Geb-2cm-min-scaled.jpg\",\"title\":\"Golden Viper Geb 2cm-min\"}},{\"type\":\"gallery_item\",\"props\":{\"image\":\"wp-content\\\/uploads\\\/2023\\\/06\\\/Golden-Viper-Geb.-2cm-8-min-scaled.jpg\",\"title\":\"Golden Viper Geb. 2cm 8-min\"}},{\"type\":\"gallery_item\",\"props\":{\"image\":\"wp-content\\\/uploads\\\/2023\\\/06\\\/Golden-Viper-Geb.-3cm-6-min-scaled.jpg\",\"title\":\"Golden Viper Geb. 3cm (6)-min\"}},{\"type\":\"gallery_item\",\"props\":{\"image\":\"wp-content\\\/uploads\\\/2023\\\/06\\\/Golden-Viper-Geb.-3cm-7-min-scaled.jpg\",\"title\":\"Golden Viper Geb. 3cm (7)-min\"}}]}]}]},{\"name\":\"\",\"type\":\"row\",\"props\":{\"margin\":\"large\"},\"children\":[{\"name\":\"\",\"type\":\"column\",\"props\":{\"image_position\":\"center-center\",\"media_overlay_gradient\":\"\",\"position_sticky_breakpoint\":\"m\",\"width_medium\":\"1-1\"},\"children\":[{\"name\":\"\",\"type\":\"headline\",\"props\":{\"content\":\"Nero Assoluto &amp; Nero Impala\",\"content_it_it\":\"Nero Assoluto &amp; Nero Impala\",\"title_element\":\"h1\",\"title_style\":\"h2\"}},{\"type\":\"text\",\"props\":{\"column_breakpoint\":\"m\",\"content\":\"\n\n<p>Mit seiner tiefschwarzen Farbe z\\u00e4hlt der Nero Assoluto zu einem absoluten Klassiker. Der Granit aus Afrika ist ein feink\\u00f6rniges, schwarzes plutonisches Tiefengestein und damit sehr ebenm\\u00e4\\u00dfig und \\u00e4u\\u00dferst elegant in seiner Erscheinung. Die schwarze Granitplatte ist ein Allesk\\u00f6nner und l\\u00e4sst sich bestens mit anderen Materialien kombinieren. Nero Assoluto ist nicht nur edel, sondern auch besonders witterungs- und frostbest\\u00e4ndig. So ist er sowohl f\\u00fcr den Innen- als auch Au\\u00dfenbereich ideal geeignet. Dezente Abdeckungen, K\\u00fcchenarbeitsplatten, B\\u00f6den oder Treppen \\u2013 der Nero Assoluto bleibt best\\u00e4ndig.<\\\/p>\\n\n\n<p>Der Nero Impala unterscheidet sich durch seine hellere Erscheinung, die daraus resultiert das er Quarzanteile besitzt und graue Einschl\\u00fcsse aufweist.<\\\/p>\",\"content_en_us\":\"\n\n<p>The deep black of Nero Assoluto is an absolute classic. This African granite is a fine-grained, black plutonic rock that is strikingly even and elegant in appearance. A slab of this black granite can be used anywhere and is easily combined with an array of other materials. Nero Assoluto is not only elegant, it is also highly weather and frost resistant, making it ideal for both indoor and outdoor use. Whether for discreet coverings, kitchen counters, floors, or stairs\\u2014Nero Assoluto is the utmost in reliability.<\\\/p>\\n\n\n<p>Nero Impala has a somewhat lighter appearance that stems from its quartz components and gray inclusions.<\\\/p>\",\"content_it_it\":\"\n\n<p>Con il suo colore nero intenso, il Nero Assoluto \\u00e8 un assoluto classi-co. Il granito dell\\u2019Africa \\u00e8 una pietra nera plutonica a grana fine molto uniforme ed estremamente elegante nel suo aspetto. La la-stra di granito nero \\u00e8 un Passepartout e si lascia combinare con gli altri materiali al meglio. Nero Assoluto non \\u00e8 solamente elegante ma anche particolarmente resistente alle intemperie e al gelo. Per questo si tratta di un materiale ideale sia per gli interni che per gli esterni. Discreti rivestimenti, piani da lavoro della cucina, pavimen-ti o scale - il Nero Assoluto resta invariato.<\\\/p>\\n\n\n<p>Il Nero Impala si differenzia per il suo aspetto pi\\u00f9 chiaro, posseden-do una percentuale di quarzite,  e presenta influssi di colore grigio.<\\\/p>\",\"margin\":\"default\"}},{\"name\":\"\",\"type\":\"gallery\",\"props\":{\"content_transition\":\"slide-bottom-small\",\"filter\":false,\"filter_align\":\"left\",\"filter_all\":true,\"filter_grid_breakpoint\":\"m\",\"filter_grid_width\":\"auto\",\"filter_position\":\"top\",\"filter_style\":\"tab\",\"grid_column_gap\":\"medium\",\"grid_default\":\"1\",\"grid_medium\":\"3\",\"grid_row_gap\":\"medium\",\"grid_small\":\"2\",\"image_width\":\"610\",\"item_animation\":true,\"lightbox\":true,\"link_style\":\"default\",\"link_text\":\"\",\"margin\":\"default\",\"meta_align\":\"below-title\",\"meta_element\":\"div\",\"meta_style\":\"text-meta\",\"overlay_hover\":true,\"overlay_link\":true,\"overlay_margin\":\"small\",\"overlay_mode\":\"cover\",\"overlay_padding\":\"large\",\"overlay_position\":\"center\",\"overlay_style\":\"overlay-default\",\"overlay_transition\":\"fade\",\"parallax_easing\":\"1\",\"show_content\":true,\"show_hover_image\":true,\"show_image2\":true,\"show_link\":true,\"show_meta\":true,\"show_title\":true,\"text_align\":\"center\",\"text_color\":\"\",\"title_decoration\":\"divider\",\"title_element\":\"h2\",\"title_hover_style\":\"reset\",\"title_style\":\"h4\",\"title_transition\":\"slide-top-small\"},\"children\":[{\"type\":\"gallery_item\",\"props\":{\"image\":\"wp-content\\\/uploads\\\/2023\\\/06\\\/Nero-Impala-Pol.-3cm-10-scaled.jpg\",\"title\":\"Nero Impala Pol. 3cm 10\"}},{\"type\":\"gallery_item\",\"props\":{\"image\":\"wp-content\\\/uploads\\\/2023\\\/06\\\/Nero-Assoluto-gefgeb-scaled.jpg\",\"title\":\"Nero Assoluto gef+geb\"}},{\"type\":\"gallery_item\",\"props\":{\"image\":\"wp-content\\\/uploads\\\/2023\\\/06\\\/Nero-Impala-Pol.-3cm-10--scaled.jpg\",\"title\":\"Nero Impala Pol. 3cm 10-\"}},{\"type\":\"gallery_item\",\"props\":{\"image\":\"wp-content\\\/uploads\\\/2023\\\/06\\\/Nero-Assoluto-Pol.-2cm-5-scaled.jpg\",\"title\":\"Nero Assoluto Pol. 2cm 5\"}},{\"type\":\"gallery_item\",\"props\":{\"image\":\"wp-content\\\/uploads\\\/2023\\\/06\\\/Nero-Assoluto-Pol.-3cm-1-scaled.jpg\",\"title\":\"Nero Assoluto Pol. 3cm 1\"}},{\"type\":\"gallery_item\",\"props\":{\"image\":\"wp-content\\\/uploads\\\/2023\\\/06\\\/Nero-Impala-Geb.-23-cm-26-scaled.jpg\",\"title\":\"Nero Impala Geb. 2+3 cm (26)\"}},{\"type\":\"gallery_item\",\"props\":{\"image\":\"wp-content\\\/uploads\\\/2023\\\/06\\\/Nero-Impala-Pol.-2cm-11-scaled.jpg\",\"title\":\"Nero Impala Pol. 2cm 11\"}}]}]}]},{\"name\":\"\",\"type\":\"row\",\"props\":{\"margin\":\"large\"},\"children\":[{\"name\":\"\",\"type\":\"column\",\"props\":{\"image_position\":\"center-center\",\"media_overlay_gradient\":\"\",\"position_sticky_breakpoint\":\"m\",\"width_medium\":\"1-1\"},\"children\":[{\"name\":\"\",\"type\":\"headline\",\"props\":{\"content\":\"Nero Picasso\",\"content_it_it\":\"Nero Picasso\",\"title_element\":\"h1\",\"title_style\":\"h2\"}},{\"type\":\"text\",\"props\":{\"column_breakpoint\":\"m\",\"content\":\"\n\n<p>Der Name sagt es schon: Nero Picasso ist \\u00e4u\\u00dferst variantenreich in gro\\u00dfen schwungvollen Musterungen. Mit Adern und Einschl\\u00fcssen von goldbraun bis dunkelgrau changieren die Granitplatten. Dezent ist anders. Nero Picasso ist ein Eyecatcher f\\u00fcr jeden Raum \\u2013 und h\\u00e4lt in jeder Beziehung, was er verspricht.<\\\/p>\",\"content_en_us\":\"\n\n<p>The name is a clue to its character: Nero Picasso has large, sweeping patterns that are highly varied, creating granite slabs that shimmer with veins and inclusions ranging from golden brown to dark gray. Unrestrained and intriguing, Nero Picasso is the perfect eye-catcher for any room\\u2014and it fully lives up to the promise of its name.<\\\/p>\",\"content_it_it\":\"\n\n<p>Il nome gi\\u00e0 lo dice: Nero Picasso \\u00e8 estremamente ricco di varianti con motivi grandi e vivaci. Con vene ed inclusioni dal marrone do-rato al grigio scuro, le lastre di granito sono cangianti. La sobriet\\u00e0 \\u00e8 un\\u2019altra cosa. Nero Picasso \\u00e8 un richiamo visivo in ogni luogo ed in ogni aspetto mantiene sempre le sue promesse.<\\\/p>\",\"margin\":\"default\"}},{\"name\":\"\",\"type\":\"gallery\",\"props\":{\"content_transition\":\"slide-bottom-small\",\"filter\":false,\"filter_align\":\"left\",\"filter_all\":true,\"filter_grid_breakpoint\":\"m\",\"filter_grid_width\":\"auto\",\"filter_position\":\"top\",\"filter_style\":\"tab\",\"grid_column_gap\":\"medium\",\"grid_default\":\"1\",\"grid_medium\":\"3\",\"grid_row_gap\":\"medium\",\"grid_small\":\"2\",\"image_width\":\"610\",\"item_animation\":true,\"lightbox\":true,\"link_style\":\"default\",\"link_text\":\"\",\"margin\":\"default\",\"meta_align\":\"below-title\",\"meta_element\":\"div\",\"meta_style\":\"text-meta\",\"overlay_hover\":true,\"overlay_link\":true,\"overlay_margin\":\"small\",\"overlay_mode\":\"cover\",\"overlay_padding\":\"large\",\"overlay_position\":\"center\",\"overlay_style\":\"overlay-default\",\"overlay_transition\":\"fade\",\"parallax_easing\":\"1\",\"show_content\":true,\"show_hover_image\":true,\"show_image2\":true,\"show_link\":true,\"show_meta\":true,\"show_title\":true,\"text_align\":\"center\",\"text_color\":\"\",\"title_decoration\":\"divider\",\"title_element\":\"h2\",\"title_hover_style\":\"reset\",\"title_style\":\"h4\",\"title_transition\":\"slide-top-small\"},\"children\":[{\"type\":\"gallery_item\",\"props\":{\"image\":\"wp-content\\\/uploads\\\/2023\\\/06\\\/Nero-Picasso-Geb.-2cm-scaled.jpg\",\"title\":\"Nero Picasso Geb. 2cm\"}},{\"type\":\"gallery_item\",\"props\":{\"image\":\"wp-content\\\/uploads\\\/2023\\\/06\\\/Nero-Picasso-Gold-Fein-Ges.-2cm-4-scaled.jpg\",\"title\":\"Nero Picasso Gold Fein Ges. 2cm (4)\"}},{\"type\":\"gallery_item\",\"props\":{\"image\":\"wp-content\\\/uploads\\\/2023\\\/06\\\/Nero-Picasso-2.png\",\"title\":\"Nero-Picasso 2\"}},{\"type\":\"gallery_item\",\"props\":{\"image\":\"wp-content\\\/uploads\\\/2023\\\/06\\\/Nero-Picasso.png\",\"title\":\"Nero-Picasso\"}},{\"type\":\"gallery_item\",\"props\":{\"image\":\"wp-content\\\/uploads\\\/2023\\\/06\\\/Marmor-2-min-scaled.jpg\",\"title\":\"Marmor-2-min\"}},{\"type\":\"gallery_item\",\"props\":{\"image\":\"wp-content\\\/uploads\\\/2023\\\/06\\\/Nero-Picasso-Geb.-2cm-2-scaled.jpg\",\"title\":\"Nero Picasso Geb. 2cm (2)\"}}]}]}]}]}],\"version\":\"3.0.31\"} --><\/p>\n","protected":false},"excerpt":{"rendered":"<p>Afrika, Afrika!Granit vom schwarzen Kontinent Afrika ist ein Kontinent, der f\u00fcr seine reichen nat\u00fcrlichen Ressourcen, einschlie\u00dflich hochwertigem Granit, bekannt ist. Es gibt mehrere L\u00e4nder in Afrika, die Granitvorkommen von hoher Qualit\u00e4t aufweisen. Die vielen Granitsorten sind in der Bandbreite der Farbigkeit und Musterungen nicht mit europ\u00e4ischen Sorten vergleichbar. Die Sch\u00f6nheit und Vielfalt afrikanischen Granits sind [&hellip;]<\/p>\n","protected":false},"author":1,"featured_media":0,"parent":0,"menu_order":0,"comment_status":"closed","ping_status":"closed","template":"","meta":{"footnotes":""},"class_list":["post-209","page","type-page","status-publish","hentry"],"_links":{"self":[{"href":"https:\/\/www.mb3-stone.com\/wp-json\/wp\/v2\/pages\/209","targetHints":{"allow":["GET"]}}],"collection":[{"href":"https:\/\/www.mb3-stone.com\/wp-json\/wp\/v2\/pages"}],"about":[{"href":"https:\/\/www.mb3-stone.com\/wp-json\/wp\/v2\/types\/page"}],"author":[{"embeddable":true,"href":"https:\/\/www.mb3-stone.com\/wp-json\/wp\/v2\/users\/1"}],"replies":[{"embeddable":true,"href":"https:\/\/www.mb3-stone.com\/wp-json\/wp\/v2\/comments?post=209"}],"version-history":[{"count":22,"href":"https:\/\/www.mb3-stone.com\/wp-json\/wp\/v2\/pages\/209\/revisions"}],"predecessor-version":[{"id":618,"href":"https:\/\/www.mb3-stone.com\/wp-json\/wp\/v2\/pages\/209\/revisions\/618"}],"wp:attachment":[{"href":"https:\/\/www.mb3-stone.com\/wp-json\/wp\/v2\/media?parent=209"}],"curies":[{"name":"wp","href":"https:\/\/api.w.org\/{rel}","templated":true}]}}