{"id":636,"date":"2024-06-27T12:33:23","date_gmt":"2024-06-27T10:33:23","guid":{"rendered":"https:\/\/www.mb3-stone.com\/?page_id=636"},"modified":"2024-06-27T13:37:06","modified_gmt":"2024-06-27T11:37:06","slug":"wahiba-oman","status":"publish","type":"page","link":"https:\/\/www.mb3-stone.com\/wahiba-oman\/","title":{"rendered":"Wahiba Jordan"},"content":{"rendered":"<h1><strong>Exklusiv bei MB3-Stone: <\/strong><br \/>Wahiba, der h\u00e4rteste Kalkstein aus Jordanien<\/p>\n<\/h1>\n<div>\n<p>Wir haben f\u00fcr Sie exklusiv den h\u00e4rtesten Kalkstein der Welt, der auf Grund seiner Eigenschaften besonders gut f\u00fcr den Au\u00dfenbereich, wie Fassaden oder Bodenbel\u00e4ge, geeignet ist.<\/p>\n<p>Der Kalkstein Wahiba \u00fcberzeugt durch seine elegante Musterung und vor allem durch seine ausgezeichneten Werte in Dichte und H\u00e4rte. Wahiba gibt es in 5 Farbt\u00f6nen (grey, white, sand, dark), die je nach individueller Musterung und Oberfl\u00e4chenbearbeitung (z.B. geb\u00fcrstet) leicht in der Farbintensit\u00e4t variieren k\u00f6nnen.<\/p>\n<p><strong>Was macht Kalkstein so beliebt?<\/strong><br \/>Kalkstein wird auf der ganzen Welt abgebaut, darunter Europa, Nordamerika, Asien, Afrika und Australien. Einige der bekanntesten Vorkommen von Kalkstein befinden sich in L\u00e4ndern wie Italien, Spanien, China, den Vereinigten Staaten und Deutschland. <br \/>Kalkstein ist im Vergleich zu anderen Steinarten relativ weich und daher leicht zu bearbeiten. <br \/>Diese Eigenschaft in Verbindung mit seiner Schlichtheit, Farbspektrum und der angenehmen weichen Haptik macht Kalkstein zu einem vielseitigen und beliebten Naturstein.<\/p>\n<\/div>\n<ul>\n<li>\n<p>        <img decoding=\"async\" src=\"\/wp-content\/uploads\/2023\/06\/DIAMOND-LIGHT-HONED.jpg\" alt=\"\"><\/p>\n<h2>DIAMOND LIGHT HONED<\/h2>\n<\/li>\n<li>\n<p>        <img decoding=\"async\" src=\"\/wp-content\/uploads\/2023\/06\/DIAMOND-MEDIUM-HONED.jpg\" alt=\"\"><\/p>\n<h2>DIAMOND MEDIUM HONED<\/h2>\n<\/li>\n<li>\n<p>        <img decoding=\"async\" src=\"\/wp-content\/uploads\/2023\/06\/DIAMOND-DARK-HONED-1.jpg\" alt=\"\"><\/p>\n<h2>DIAMOND DARK HONED<\/h2>\n<\/li>\n<li>\n<p>        <img decoding=\"async\" src=\"\/wp-content\/uploads\/2023\/06\/LAYLA-BEIGE-SANDBLASTED-WITH-BRUSHED.jpg\" alt=\"\"><\/p>\n<h2>LAYLA BEIGE SANDBLASTED WITH BRUSHED<\/h2>\n<\/li>\n<li>\n<p>        <img decoding=\"async\" src=\"\/wp-content\/uploads\/2023\/06\/LAYLA-BEIGE-POLISHED.jpg\" alt=\"\"><\/p>\n<h2>LAYLA BEIGE POLISHED<\/h2>\n<\/li>\n<li>\n<p>        <img decoding=\"async\" src=\"\/wp-content\/uploads\/2023\/06\/LAYLA-BEIGE-HONED-gebuertstet.jpg\" alt=\"\"><\/p>\n<h2>LAYLA BEIGE HONED-gebu00fcrtstet<\/h2>\n<\/li>\n<li>\n<p>        <img decoding=\"async\" src=\"\/wp-content\/uploads\/2023\/06\/Wahiba_white.png\" alt=\"\"><\/p>\n<h2>WAHIBA WHITE<\/h2>\n<\/li>\n<li>\n<p>        <img decoding=\"async\" src=\"\/wp-content\/uploads\/2023\/06\/Wahiba_sand.png\" alt=\"\"><\/p>\n<h2>WAHIBA SAND<\/h2>\n<\/li>\n<li>\n<p>        <img decoding=\"async\" src=\"\/wp-content\/uploads\/2023\/06\/Wahiba_grey.png\" alt=\"\"><\/p>\n<h2>WAHIBA GREY<\/h2>\n<\/li>\n<li>\n<p>        <img decoding=\"async\" src=\"\/wp-content\/uploads\/2024\/06\/WhatsApp-Image-2024-06-17-at-15.15.37-2.jpeg\" alt=\"\"><\/p>\n<h2>WAHIBA WHITE<\/h2>\n<\/li>\n<\/ul>\n<p><!--more--><br \/>\n<!-- {\"type\":\"layout\",\"children\":[{\"name\":\"Gallery\",\"type\":\"section\",\"props\":{\"animation\":\"fade\",\"image_position\":\"center-center\",\"padding\":\"large\",\"style\":\"muted\",\"title_breakpoint\":\"xl\",\"title_position\":\"top-left\",\"title_rotation\":\"left\",\"vertical_align\":\"middle\",\"width\":\"default\"},\"children\":[{\"name\":\"\",\"type\":\"row\",\"children\":[{\"name\":\"\",\"type\":\"column\",\"props\":{\"image_position\":\"center-center\",\"media_overlay_gradient\":\"\",\"position_sticky_breakpoint\":\"m\",\"width_medium\":\"1-1\"},\"children\":[{\"name\":\"\",\"type\":\"headline\",\"props\":{\"content\":\"<strong>Exklusiv bei MB3-Stone: <\\\/strong><br \\\/>Wahiba, der h\\u00e4rteste Kalkstein aus Jordanien\\n\\n\\n\\n\\n\\n\\n\",\"content_en_us\":\"<strong>Available only at MB3-Stone:  <\\\/strong><br \\\/>Wahiba, the hardest limestone from Jordan\",\"content_it_it\":\"<strong>In esclusiva da MB3-Stone: <\\\/strong><br \\\/>Wahiba, la pietra calcarea pi\\u00f9 dura dalla Giordania\",\"title_element\":\"h1\",\"title_style\":\"h2\"}},{\"name\":\"\",\"type\":\"text\",\"props\":{\"column_breakpoint\":\"m\",\"content\":\"\n\n<p>Wir haben f\\u00fcr Sie exklusiv den h\\u00e4rtesten Kalkstein der Welt, der auf Grund seiner Eigenschaften besonders gut f\\u00fcr den Au\\u00dfenbereich, wie Fassaden oder Bodenbel\\u00e4ge, geeignet ist.<\\\/p>\\n\n\n<p>Der Kalkstein Wahiba \\u00fcberzeugt durch seine elegante Musterung und vor allem durch seine ausgezeichneten Werte in Dichte und H\\u00e4rte. Wahiba gibt es in 5 Farbt\\u00f6nen (grey, white, sand, dark), die je nach individueller Musterung und Oberfl\\u00e4chenbearbeitung (z.B. geb\\u00fcrstet) leicht in der Farbintensit\\u00e4t variieren k\\u00f6nnen.<\\\/p>\\n\n\n<p><strong>Was macht Kalkstein so beliebt?<\\\/strong><br \\\/>Kalkstein wird auf der ganzen Welt abgebaut, darunter Europa, Nordamerika, Asien, Afrika und Australien. Einige der bekanntesten Vorkommen von Kalkstein befinden sich in L\\u00e4ndern wie Italien, Spanien, China, den Vereinigten Staaten und Deutschland. <br \\\/>Kalkstein ist im Vergleich zu anderen Steinarten relativ weich und daher leicht zu bearbeiten. <br \\\/>Diese Eigenschaft in Verbindung mit seiner Schlichtheit, Farbspektrum und der angenehmen weichen Haptik macht Kalkstein zu einem vielseitigen und beliebten Naturstein.<\\\/p>\",\"content_en_us\":\"\n\n<p>Exclusively for you, we offer the hardest limestone in the world, which is particularly suitable for outdoor uses such as fa\\u00e7ades and outdoor flooring.<\\\/p>\\n\n\n<p><strong>Why is limestone so popular?<\\\/strong><br \\\/>Limestone is sourced from all over the world, including Europe, North America, Asia, Africa, and Australia. Some of the most well-known deposits of limestone can be found in countries such as Italy, Spain, China, the United States, and Germany. Because limestone is relatively soft compared to other types of stone, it is easy to work with. This characteristic, together with its simple elegance, fine coloration, and pleasantly smooth feel, make limestone a versatile and popular natural stone.<\\\/p>\\n\n\n<p>Its elegant patterning, superior density, and unique hardness make Wahiba limestone particularly impressive. It is available in five color shades (gray, white, sand, and dark), which can vary slightly in intensity depending on the pattern and surface finish (e.g. brushed).<\\\/p>\",\"content_it_it\":\"\n\n<p>Abbiamo per voi la pietra calcarea pi\\u00f9 dura al mondo, che grazie alle sue caratteristiche \\u00e8 particolarmente adatta per gli spazi esterni, come facciate o pavimentazioni.<\\\/p>\\n\n\n<p>La pietra Wahiba conquista per il suo elegante motivo e soprattutto per i suoi ottimi valori di compattezza e durezza.<br \\\/><br \\\/>Wahiba esiste in 5 tonalit\\u00e0 (grigio, bianco, sabbia, scuro), che possono variare leggermente in base al motivo e alla lavorazione della superficie (es. spazzolato).<\\\/p>\\n\n\n<p><strong>Cosa rende cos\\u00ec amata la pietra calcarea?<\\\/strong><br \\\/>La pietra calcarea viene estratta in tutto il mondo, come Europa, Nord America, Asia, Africa ed Australia. Alcuni dei pi\\u00f9 conosciuti giacimenti di pietra calcarea si trovano in paesi come Italia, Spagna, Cina, Stati Uniti e Germania. La pietra calcarea, se paragonata con altri tipi di pietra, \\u00e8 relativamente morbida e quindi facile da lavorare.<br \\\/>Questa caratteristica, unita alla sua semplicit\\u00e0, alla gamma cromatica e alla sua piacevole morbidezza al tatto, rendono questa pietra tra le pi\\u00f9 versatili e le pi\\u00f9 amate.<\\\/p>\",\"margin\":\"default\",\"maxwidth\":\"2xlarge\"}}]}]},{\"name\":\"\",\"type\":\"row\",\"props\":{\"margin\":\"large\"},\"children\":[{\"name\":\"\",\"type\":\"column\",\"props\":{\"image_position\":\"center-center\",\"media_overlay_gradient\":\"\",\"position_sticky_breakpoint\":\"m\",\"width_medium\":\"1-1\"},\"children\":[{\"name\":\"\",\"type\":\"gallery\",\"props\":{\"content_transition\":\"slide-bottom-small\",\"filter\":false,\"filter_align\":\"left\",\"filter_all\":true,\"filter_grid_breakpoint\":\"m\",\"filter_grid_width\":\"auto\",\"filter_position\":\"top\",\"filter_style\":\"tab\",\"grid_column_gap\":\"medium\",\"grid_default\":\"1\",\"grid_masonry\":false,\"grid_medium\":\"3\",\"grid_row_gap\":\"medium\",\"grid_small\":\"2\",\"image_width\":\"610\",\"item_animation\":true,\"lightbox\":true,\"link_style\":\"default\",\"link_text\":\"\",\"margin\":\"default\",\"meta_align\":\"below-title\",\"meta_element\":\"div\",\"meta_style\":\"text-meta\",\"overlay_hover\":true,\"overlay_link\":true,\"overlay_margin\":\"small\",\"overlay_mode\":\"cover\",\"overlay_padding\":\"large\",\"overlay_position\":\"center\",\"overlay_style\":\"overlay-default\",\"overlay_transition\":\"fade\",\"parallax_easing\":\"1\",\"show_content\":true,\"show_hover_image\":true,\"show_image2\":true,\"show_link\":true,\"show_meta\":true,\"show_title\":true,\"text_align\":\"center\",\"text_color\":\"\",\"title_decoration\":\"divider\",\"title_element\":\"h2\",\"title_hover_style\":\"reset\",\"title_style\":\"h4\",\"title_transition\":\"slide-top-small\"},\"children\":[{\"type\":\"gallery_item\",\"props\":{\"image\":\"wp-content\\\/uploads\\\/2023\\\/06\\\/DIAMOND-LIGHT-HONED.jpg\",\"title\":\"DIAMOND LIGHT HONED\",\"title_it_it\":\"DIAMOND LIGHT - SPAZZOLATO\"}},{\"type\":\"gallery_item\",\"props\":{\"image\":\"wp-content\\\/uploads\\\/2023\\\/06\\\/DIAMOND-MEDIUM-HONED.jpg\",\"title\":\"DIAMOND MEDIUM HONED\"}},{\"type\":\"gallery_item\",\"props\":{\"image\":\"wp-content\\\/uploads\\\/2023\\\/06\\\/DIAMOND-DARK-HONED-1.jpg\",\"title\":\"DIAMOND DARK HONED\"}},{\"type\":\"gallery_item\",\"props\":{\"image\":\"wp-content\\\/uploads\\\/2023\\\/06\\\/LAYLA-BEIGE-SANDBLASTED-WITH-BRUSHED.jpg\",\"title\":\"LAYLA BEIGE SANDBLASTED WITH BRUSHED\"}},{\"type\":\"gallery_item\",\"props\":{\"image\":\"wp-content\\\/uploads\\\/2023\\\/06\\\/LAYLA-BEIGE-POLISHED.jpg\",\"title\":\"LAYLA BEIGE POLISHED\",\"title_it_it\":\"LAYLA BEIGE - LUCIDO\"}},{\"type\":\"gallery_item\",\"props\":{\"image\":\"wp-content\\\/uploads\\\/2023\\\/06\\\/LAYLA-BEIGE-HONED-gebuertstet.jpg\",\"title\":\"LAYLA BEIGE HONED-gebu00fcrtstet\",\"title_it_it\":\"LAYLA BEIGE - SPAZZOLAtO\"}},{\"type\":\"gallery_item\",\"props\":{\"image\":\"wp-content\\\/uploads\\\/2023\\\/06\\\/Wahiba_white.png\",\"title\":\"WAHIBA WHITE\"}},{\"type\":\"gallery_item\",\"props\":{\"image\":\"wp-content\\\/uploads\\\/2023\\\/06\\\/Wahiba_sand.png\",\"title\":\"WAHIBA SAND\"}},{\"type\":\"gallery_item\",\"props\":{\"image\":\"wp-content\\\/uploads\\\/2023\\\/06\\\/Wahiba_grey.png\",\"title\":\"WAHIBA GREY\"}},{\"type\":\"gallery_item\",\"props\":{\"image\":\"wp-content\\\/uploads\\\/2024\\\/06\\\/WhatsApp-Image-2024-06-17-at-15.15.37-2.jpeg\",\"title\":\"WAHIBA WHITE\"}}]}]}]}]}],\"version\":\"3.0.31\"} --><\/p>\n","protected":false},"excerpt":{"rendered":"<p>Exklusiv bei MB3-Stone: Wahiba, der h\u00e4rteste Kalkstein aus Jordanien Wir haben f\u00fcr Sie exklusiv den h\u00e4rtesten Kalkstein der Welt, der auf Grund seiner Eigenschaften besonders gut f\u00fcr den Au\u00dfenbereich, wie Fassaden oder Bodenbel\u00e4ge, geeignet ist. Der Kalkstein Wahiba \u00fcberzeugt durch seine elegante Musterung und vor allem durch seine ausgezeichneten Werte in Dichte und H\u00e4rte. Wahiba [&hellip;]<\/p>\n","protected":false},"author":1,"featured_media":0,"parent":0,"menu_order":0,"comment_status":"closed","ping_status":"closed","template":"","meta":{"footnotes":""},"class_list":["post-636","page","type-page","status-publish","hentry"],"_links":{"self":[{"href":"https:\/\/www.mb3-stone.com\/wp-json\/wp\/v2\/pages\/636","targetHints":{"allow":["GET"]}}],"collection":[{"href":"https:\/\/www.mb3-stone.com\/wp-json\/wp\/v2\/pages"}],"about":[{"href":"https:\/\/www.mb3-stone.com\/wp-json\/wp\/v2\/types\/page"}],"author":[{"embeddable":true,"href":"https:\/\/www.mb3-stone.com\/wp-json\/wp\/v2\/users\/1"}],"replies":[{"embeddable":true,"href":"https:\/\/www.mb3-stone.com\/wp-json\/wp\/v2\/comments?post=636"}],"version-history":[{"count":2,"href":"https:\/\/www.mb3-stone.com\/wp-json\/wp\/v2\/pages\/636\/revisions"}],"predecessor-version":[{"id":647,"href":"https:\/\/www.mb3-stone.com\/wp-json\/wp\/v2\/pages\/636\/revisions\/647"}],"wp:attachment":[{"href":"https:\/\/www.mb3-stone.com\/wp-json\/wp\/v2\/media?parent=636"}],"curies":[{"name":"wp","href":"https:\/\/api.w.org\/{rel}","templated":true}]}}